{"id":1026,"date":"2025-10-16T13:54:10","date_gmt":"2025-10-16T11:54:10","guid":{"rendered":"https:\/\/patricktalom.com\/?page_id=1026"},"modified":"2025-10-16T13:57:41","modified_gmt":"2025-10-16T11:57:41","slug":"parcours-de-formation","status":"publish","type":"page","link":"https:\/\/patricktalom.com\/index.php\/parcours-de-formation\/","title":{"rendered":"Parcours de formation."},"content":{"rendered":"\t\t<div data-elementor-type=\"wp-page\" data-elementor-id=\"1026\" class=\"elementor elementor-1026\">\n\t\t\t\t\t\t<section class=\"elementor-section elementor-top-section elementor-element elementor-element-abd7323 elementor-section-boxed elementor-section-height-default elementor-section-height-default\" data-id=\"abd7323\" data-element_type=\"section\" data-e-type=\"section\">\n\t\t\t\t\t\t<div class=\"elementor-container elementor-column-gap-default\">\n\t\t\t\t\t<div class=\"elementor-column elementor-col-100 elementor-top-column elementor-element elementor-element-38bb462\" data-id=\"38bb462\" data-element_type=\"column\" data-e-type=\"column\">\n\t\t\t<div class=\"elementor-widget-wrap elementor-element-populated\">\n\t\t\t\t\t\t<div class=\"elementor-element elementor-element-0b0682e elementor-widget elementor-widget-heading\" data-id=\"0b0682e\" data-element_type=\"widget\" data-e-type=\"widget\" data-widget_type=\"heading.default\">\n\t\t\t\t<div class=\"elementor-widget-container\">\n\t\t\t\t\t<h2 class=\"elementor-heading-title elementor-size-default\">Parcours de formation<\/h2>\t\t\t\t<\/div>\n\t\t\t\t<\/div>\n\t\t\t\t<div class=\"elementor-element elementor-element-66b6701 elementor-widget elementor-widget-text-editor\" data-id=\"66b6701\" data-element_type=\"widget\" data-e-type=\"widget\" data-widget_type=\"text-editor.default\">\n\t\t\t\t<div class=\"elementor-widget-container\">\n\t\t\t\t\t\t\t\t\t<ol><li><b>PARCOURS LMD (LICENCE, MASTER, DOCTORAT)<\/b><\/li><\/ol><p><b>2025\u00a0: projet d\u2019inscription en th\u00e8se<span class=\"Apple-converted-space\">\u00a0<\/span><\/b><\/p><p><b>2024 : Master 2 Sciences de l\u2019\u00e9ducation- <\/b>CNAM-Paris<\/p><p><b>2023 : DUSP (Dipl\u00f4me en Soins Palliatifs) &#8211;<\/b>Universit\u00e9 Catholique Lille<\/p><p><b>2022 : Master 2 fait religieux-<\/b>Universit\u00e9 d\u2019Artois <b><span class=\"Apple-converted-space\">\u00a0<\/span><\/b><b><\/b><\/p><p><b>2021 : Master 2 Situations de handicap et participation sociale-<\/b>Universit\u00e9 de Rennes &amp; EHSP (\u00c9cole des Hautes \u00c9tudes de Sant\u00e9 Publique)<\/p><p><b>2020 : Licence (D.U Handicap et recherche) INSHEA-<\/b>Universit\u00e9 Paris Nanterre<\/p><p><b>2018 : Dipl\u00f4me d\u2019Aum\u00f4nier hospitalier-<\/b>Universit\u00e9 de Strasbourg<\/p><p><b>2005 : Baccalaur\u00e9at A4 Coll\u00e8ge<\/b> Saint Thomas d\u2019Aquin de Bafoussam<b>&#8211;<\/b><b><\/b><\/p><ol start=\"2\"><li><b>PARCOURS CANONIQUE<\/b><\/li><\/ol><p><b>2022 : Licence Canonique (Bac+7)-<\/b>Universit\u00e9 Catholique de Lille<\/p><p><b>2020 : Baccalaur\u00e9at Canonique ( Bac+5)-<\/b>Universit\u00e9 Catholique Lille<\/p><p><b>2019 : Dipl\u00f4me de Th\u00e9ologie pratique (Bac+\u00a03<\/b>Universit\u00e9 Catholique de Lille-<b>)<\/b><b><\/b><\/p><p><b>3-CERTIFICATS<span class=\"Apple-converted-space\">\u00a0<\/span><\/b><\/p><p><b>2017 :<span class=\"Apple-converted-space\">\u00a0 <\/span>Certificat de comp\u00e9tences de citoyen de s\u00e9curit\u00e9 civile PSC1 <\/b>Universit\u00e9 Catholique de Lille<\/p><p><b>2019 : Certificat genre et sexualit\u00e9 <\/b>Unesco<\/p><p><b>2023 : Certificat Bilan de comp\u00e9tences et projet de vie-<\/b>universit\u00e9 de Lille<\/p>\t\t\t\t\t\t\t\t<\/div>\n\t\t\t\t<\/div>\n\t\t\t\t\t<\/div>\n\t\t<\/div>\n\t\t\t\t\t<\/div>\n\t\t<\/section>\n\t\t\t\t<\/div>\n\t\t","protected":false},"excerpt":{"rendered":"<p>Parcours de formation PARCOURS LMD (LICENCE, MASTER, DOCTORAT) 2025\u00a0: projet d\u2019inscription en th\u00e8se\u00a0 2024 : Master 2 Sciences de l\u2019\u00e9ducation- CNAM-Paris 2023 : DUSP (Dipl\u00f4me en Soins Palliatifs) &#8211;Universit\u00e9 Catholique Lille 2022 : Master 2 fait religieux-Universit\u00e9 d\u2019Artois \u00a0 2021 : Master 2 Situations de handicap et participation sociale-Universit\u00e9 de Rennes &amp; EHSP (\u00c9cole des [&hellip;]<\/p>\n","protected":false},"author":1,"featured_media":1014,"parent":0,"menu_order":0,"comment_status":"closed","ping_status":"closed","template":"","meta":{"site-sidebar-layout":"no-sidebar","site-content-layout":"page-builder","ast-site-content-layout":"full-width-container","site-content-style":"default","site-sidebar-style":"default","ast-global-header-display":"","ast-banner-title-visibility":"","ast-main-header-display":"","ast-hfb-above-header-display":"","ast-hfb-below-header-display":"","ast-hfb-mobile-header-display":"","site-post-title":"","ast-breadcrumbs-content":"","ast-featured-img":"disabled","footer-sml-layout":"","ast-disable-related-posts":"","theme-transparent-header-meta":"","adv-header-id-meta":"","stick-header-meta":"","header-above-stick-meta":"","header-main-stick-meta":"","header-below-stick-meta":"","astra-migrate-meta-layouts":"set","ast-page-background-enabled":"default","ast-page-background-meta":{"desktop":{"background-color":"var(--ast-global-color-4)","background-image":"","background-repeat":"repeat","background-position":"center center","background-size":"auto","background-attachment":"scroll","background-type":"","background-media":"","overlay-type":"","overlay-color":"","overlay-opacity":"","overlay-gradient":""},"tablet":{"background-color":"","background-image":"","background-repeat":"repeat","background-position":"center center","background-size":"auto","background-attachment":"scroll","background-type":"","background-media":"","overlay-type":"","overlay-color":"","overlay-opacity":"","overlay-gradient":""},"mobile":{"background-color":"","background-image":"","background-repeat":"repeat","background-position":"center center","background-size":"auto","background-attachment":"scroll","background-type":"","background-media":"","overlay-type":"","overlay-color":"","overlay-opacity":"","overlay-gradient":""}},"ast-content-background-meta":{"desktop":{"background-color":"var(--ast-global-color-5)","background-image":"","background-repeat":"repeat","background-position":"center center","background-size":"auto","background-attachment":"scroll","background-type":"","background-media":"","overlay-type":"","overlay-color":"","overlay-opacity":"","overlay-gradient":""},"tablet":{"background-color":"var(--ast-global-color-5)","background-image":"","background-repeat":"repeat","background-position":"center center","background-size":"auto","background-attachment":"scroll","background-type":"","background-media":"","overlay-type":"","overlay-color":"","overlay-opacity":"","overlay-gradient":""},"mobile":{"background-color":"var(--ast-global-color-5)","background-image":"","background-repeat":"repeat","background-position":"center center","background-size":"auto","background-attachment":"scroll","background-type":"","background-media":"","overlay-type":"","overlay-color":"","overlay-opacity":"","overlay-gradient":""}},"footnotes":""},"class_list":["post-1026","page","type-page","status-publish","has-post-thumbnail","hentry"],"_links":{"self":[{"href":"https:\/\/patricktalom.com\/index.php\/wp-json\/wp\/v2\/pages\/1026","targetHints":{"allow":["GET"]}}],"collection":[{"href":"https:\/\/patricktalom.com\/index.php\/wp-json\/wp\/v2\/pages"}],"about":[{"href":"https:\/\/patricktalom.com\/index.php\/wp-json\/wp\/v2\/types\/page"}],"author":[{"embeddable":true,"href":"https:\/\/patricktalom.com\/index.php\/wp-json\/wp\/v2\/users\/1"}],"replies":[{"embeddable":true,"href":"https:\/\/patricktalom.com\/index.php\/wp-json\/wp\/v2\/comments?post=1026"}],"version-history":[{"count":4,"href":"https:\/\/patricktalom.com\/index.php\/wp-json\/wp\/v2\/pages\/1026\/revisions"}],"predecessor-version":[{"id":1030,"href":"https:\/\/patricktalom.com\/index.php\/wp-json\/wp\/v2\/pages\/1026\/revisions\/1030"}],"wp:featuredmedia":[{"embeddable":true,"href":"https:\/\/patricktalom.com\/index.php\/wp-json\/wp\/v2\/media\/1014"}],"wp:attachment":[{"href":"https:\/\/patricktalom.com\/index.php\/wp-json\/wp\/v2\/media?parent=1026"}],"curies":[{"name":"wp","href":"https:\/\/api.w.org\/{rel}","templated":true}]}}