{"id":1033,"date":"2025-10-16T14:08:50","date_gmt":"2025-10-16T12:08:50","guid":{"rendered":"https:\/\/patricktalom.com\/?page_id=1033"},"modified":"2025-10-16T14:10:26","modified_gmt":"2025-10-16T12:10:26","slug":"vie-associative","status":"publish","type":"page","link":"https:\/\/patricktalom.com\/index.php\/vie-associative\/","title":{"rendered":"Vie associative"},"content":{"rendered":"\t\t<div data-elementor-type=\"wp-page\" data-elementor-id=\"1033\" class=\"elementor elementor-1033\">\n\t\t\t\t\t\t<section class=\"elementor-section elementor-top-section elementor-element elementor-element-0f2bea2 elementor-section-boxed elementor-section-height-default elementor-section-height-default\" data-id=\"0f2bea2\" data-element_type=\"section\" data-e-type=\"section\">\n\t\t\t\t\t\t<div class=\"elementor-container elementor-column-gap-default\">\n\t\t\t\t\t<div class=\"elementor-column elementor-col-100 elementor-top-column elementor-element elementor-element-495e91f\" data-id=\"495e91f\" data-element_type=\"column\" data-e-type=\"column\">\n\t\t\t<div class=\"elementor-widget-wrap elementor-element-populated\">\n\t\t\t\t\t\t<div class=\"elementor-element elementor-element-14bc2ad elementor-widget elementor-widget-heading\" data-id=\"14bc2ad\" data-element_type=\"widget\" data-e-type=\"widget\" data-widget_type=\"heading.default\">\n\t\t\t\t<div class=\"elementor-widget-container\">\n\t\t\t\t\t<h2 class=\"elementor-heading-title elementor-size-default\">Rayons de Sourire et Palyrom\n\n<\/h2>\t\t\t\t<\/div>\n\t\t\t\t<\/div>\n\t\t\t\t\t<\/div>\n\t\t<\/div>\n\t\t\t\t\t<\/div>\n\t\t<\/section>\n\t\t\t\t<section class=\"elementor-section elementor-top-section elementor-element elementor-element-cd5a362 elementor-section-boxed elementor-section-height-default elementor-section-height-default\" data-id=\"cd5a362\" data-element_type=\"section\" data-e-type=\"section\">\n\t\t\t\t\t\t<div class=\"elementor-container elementor-column-gap-default\">\n\t\t\t\t\t<div class=\"elementor-column elementor-col-100 elementor-top-column elementor-element elementor-element-e7aafb4\" data-id=\"e7aafb4\" data-element_type=\"column\" data-e-type=\"column\">\n\t\t\t<div class=\"elementor-widget-wrap elementor-element-populated\">\n\t\t\t\t\t\t<div class=\"elementor-element elementor-element-e40af7c elementor-widget elementor-widget-text-editor\" data-id=\"e40af7c\" data-element_type=\"widget\" data-e-type=\"widget\" data-widget_type=\"text-editor.default\">\n\t\t\t\t<div class=\"elementor-widget-container\">\n\t\t\t\t\t\t\t\t\t<p>J\u2019ai cr\u00e9\u00e9 Rayons de Sourire au Cameroun et Palyrom en France pour r\u00e9pondre \u00e0 une urgence humaine et sociale : celle de redonner une place pleine et enti\u00e8re aux personnes en situation de handicap, dans leur dignit\u00e9, leur potentiel et leur droit \u00e0 la joie.<\/p><p>Mon propre parcours, marqu\u00e9 par le handicap, m\u2019a permis de vivre de l\u2019int\u00e9rieur les obstacles invisibles, les regards qui enferment, les structures qui excluent. Mais j\u2019ai aussi d\u00e9couvert la force du lien, la puissance du collectif, et la beaut\u00e9 de l\u2019engagement. Ces associations sont n\u00e9es de cette conviction : le handicap ne doit jamais \u00eatre une fronti\u00e8re, mais un point de rencontre.<\/p><ul><li><b><\/b>Rayons de Sourire, au Cameroun, est une r\u00e9ponse \u00e0 la r\u00e9alit\u00e9 souvent silencieuse des personnes handicap\u00e9es dans les contextes africains. L\u00e0 o\u00f9 les ressources manquent, o\u00f9 les tabous persistent, j\u2019ai voulu b\u00e2tir un espace de lumi\u00e8re, de fraternit\u00e9 et d\u2019action. L\u2019association agit pour l\u2019inclusion, l\u2019\u00e9ducation, le sport adapt\u00e9, et surtout pour changer les mentalit\u00e9s.<\/li><\/ul><p>LIEN <a href=\"https:\/\/www.facebook.com\/reinsertiondespersonnesensituationdehandicap\" target=\"_blank\" rel=\"noopener\">https:\/\/www.facebook.com\/reinsertiondespersonnesensituationdehandicap<\/a><\/p><ul><li><b><\/b>Palyrom, en France, est le prolongement de cette vision dans un autre contexte : celui d\u2019une soci\u00e9t\u00e9 plus structur\u00e9e, mais parfois encore cloisonn\u00e9e. Palyrom \u0153uvre pour cr\u00e9er des ponts entre les mondes du handicap, de la spiritualit\u00e9 et de la recherche, en favorisant des projets innovants, des dialogues ouverts et des engagements concrets.<\/li><\/ul><p>Ces deux structures sont les deux visages d\u2019un m\u00eame combat : celui de l\u2019humanit\u00e9 partag\u00e9e. Elles incarnent ma volont\u00e9 de faire du handicap non pas un objet de compassion, mais un levier de transformation sociale, spirituelle et culturelle.<\/p><p>LIEN\u00a0: <a href=\"https:\/\/www.facebook.com\/profile.php?id=61573838469450\" target=\"_blank\" rel=\"noopener\">https:\/\/www.facebook.com\/profile.php?id=61573838469450<\/a><\/p>\t\t\t\t\t\t\t\t<\/div>\n\t\t\t\t<\/div>\n\t\t\t\t\t<\/div>\n\t\t<\/div>\n\t\t\t\t\t<\/div>\n\t\t<\/section>\n\t\t\t\t<\/div>\n\t\t","protected":false},"excerpt":{"rendered":"<p>Rayons de Sourire et Palyrom J\u2019ai cr\u00e9\u00e9 Rayons de Sourire au Cameroun et Palyrom en France pour r\u00e9pondre \u00e0 une urgence humaine et sociale : celle de redonner une place pleine et enti\u00e8re aux personnes en situation de handicap, dans leur dignit\u00e9, leur potentiel et leur droit \u00e0 la joie. Mon propre parcours, marqu\u00e9 par [&hellip;]<\/p>\n","protected":false},"author":1,"featured_media":0,"parent":0,"menu_order":0,"comment_status":"closed","ping_status":"closed","template":"","meta":{"site-sidebar-layout":"no-sidebar","site-content-layout":"page-builder","ast-site-content-layout":"full-width-container","site-content-style":"default","site-sidebar-style":"default","ast-global-header-display":"","ast-banner-title-visibility":"","ast-main-header-display":"","ast-hfb-above-header-display":"","ast-hfb-below-header-display":"","ast-hfb-mobile-header-display":"","site-post-title":"","ast-breadcrumbs-content":"","ast-featured-img":"disabled","footer-sml-layout":"","ast-disable-related-posts":"","theme-transparent-header-meta":"","adv-header-id-meta":"","stick-header-meta":"","header-above-stick-meta":"","header-main-stick-meta":"","header-below-stick-meta":"","astra-migrate-meta-layouts":"set","ast-page-background-enabled":"default","ast-page-background-meta":{"desktop":{"background-color":"var(--ast-global-color-4)","background-image":"","background-repeat":"repeat","background-position":"center center","background-size":"auto","background-attachment":"scroll","background-type":"","background-media":"","overlay-type":"","overlay-color":"","overlay-opacity":"","overlay-gradient":""},"tablet":{"background-color":"","background-image":"","background-repeat":"repeat","background-position":"center center","background-size":"auto","background-attachment":"scroll","background-type":"","background-media":"","overlay-type":"","overlay-color":"","overlay-opacity":"","overlay-gradient":""},"mobile":{"background-color":"","background-image":"","background-repeat":"repeat","background-position":"center center","background-size":"auto","background-attachment":"scroll","background-type":"","background-media":"","overlay-type":"","overlay-color":"","overlay-opacity":"","overlay-gradient":""}},"ast-content-background-meta":{"desktop":{"background-color":"var(--ast-global-color-5)","background-image":"","background-repeat":"repeat","background-position":"center center","background-size":"auto","background-attachment":"scroll","background-type":"","background-media":"","overlay-type":"","overlay-color":"","overlay-opacity":"","overlay-gradient":""},"tablet":{"background-color":"var(--ast-global-color-5)","background-image":"","background-repeat":"repeat","background-position":"center center","background-size":"auto","background-attachment":"scroll","background-type":"","background-media":"","overlay-type":"","overlay-color":"","overlay-opacity":"","overlay-gradient":""},"mobile":{"background-color":"var(--ast-global-color-5)","background-image":"","background-repeat":"repeat","background-position":"center center","background-size":"auto","background-attachment":"scroll","background-type":"","background-media":"","overlay-type":"","overlay-color":"","overlay-opacity":"","overlay-gradient":""}},"footnotes":""},"class_list":["post-1033","page","type-page","status-publish","hentry"],"_links":{"self":[{"href":"https:\/\/patricktalom.com\/index.php\/wp-json\/wp\/v2\/pages\/1033","targetHints":{"allow":["GET"]}}],"collection":[{"href":"https:\/\/patricktalom.com\/index.php\/wp-json\/wp\/v2\/pages"}],"about":[{"href":"https:\/\/patricktalom.com\/index.php\/wp-json\/wp\/v2\/types\/page"}],"author":[{"embeddable":true,"href":"https:\/\/patricktalom.com\/index.php\/wp-json\/wp\/v2\/users\/1"}],"replies":[{"embeddable":true,"href":"https:\/\/patricktalom.com\/index.php\/wp-json\/wp\/v2\/comments?post=1033"}],"version-history":[{"count":4,"href":"https:\/\/patricktalom.com\/index.php\/wp-json\/wp\/v2\/pages\/1033\/revisions"}],"predecessor-version":[{"id":1037,"href":"https:\/\/patricktalom.com\/index.php\/wp-json\/wp\/v2\/pages\/1033\/revisions\/1037"}],"wp:attachment":[{"href":"https:\/\/patricktalom.com\/index.php\/wp-json\/wp\/v2\/media?parent=1033"}],"curies":[{"name":"wp","href":"https:\/\/api.w.org\/{rel}","templated":true}]}}