{"id":430,"date":"2024-01-09T18:01:45","date_gmt":"2024-01-09T17:01:45","guid":{"rendered":"https:\/\/handysunmonde.com\/?page_id=430"},"modified":"2025-05-14T17:10:27","modified_gmt":"2025-05-14T15:10:27","slug":"mes-parutions","status":"publish","type":"page","link":"https:\/\/patricktalom.com\/index.php\/mes-parutions\/","title":{"rendered":"Mes parutions"},"content":{"rendered":"\t\t<div data-elementor-type=\"wp-page\" data-elementor-id=\"430\" class=\"elementor elementor-430\">\n\t\t\t\t\t\t<section class=\"elementor-section elementor-top-section elementor-element elementor-element-59b22c9 elementor-section-boxed elementor-section-height-default elementor-section-height-default\" data-id=\"59b22c9\" data-element_type=\"section\" data-e-type=\"section\">\n\t\t\t\t\t\t<div class=\"elementor-container elementor-column-gap-default\">\n\t\t\t\t\t<div class=\"elementor-column elementor-col-100 elementor-top-column elementor-element elementor-element-b1edfad\" data-id=\"b1edfad\" data-element_type=\"column\" data-e-type=\"column\">\n\t\t\t<div class=\"elementor-widget-wrap elementor-element-populated\">\n\t\t\t\t\t\t<div class=\"elementor-element elementor-element-026ec50 elementor-widget elementor-widget-ucaddon_post_horizontal_timeline\" data-id=\"026ec50\" data-element_type=\"widget\" data-e-type=\"widget\" data-widget_type=\"ucaddon_post_horizontal_timeline.default\">\n\t\t\t\t<div class=\"elementor-widget-container\">\n\t\t\t\t\t\n<!-- start Post Horizontal Timeline -->\n\t\t<link id='font-awesome-css' href='https:\/\/patricktalom.com\/wp-content\/plugins\/unlimited-elements-for-elementor-premium\/assets_libraries\/font-awesome6\/fontawesome-all.min.css' type='text\/css' rel='stylesheet' >\n\t\t<link id='font-awesome-4-shim-css' href='https:\/\/patricktalom.com\/wp-content\/plugins\/unlimited-elements-for-elementor-premium\/assets_libraries\/font-awesome6\/fontawesome-v4-shims.min.css' type='text\/css' rel='stylesheet' >\n\t\t<link id='owl-carousel-css' href='https:\/\/patricktalom.com\/wp-content\/plugins\/unlimited-elements-for-elementor-premium\/assets_libraries\/owl-carousel-new\/assets\/owl.carousel.css' type='text\/css' rel='stylesheet' >\n\n<style>\/* widget: Post Horizontal Timeline *\/\n\n#uc_post_horizontal_timeline_elementor_026ec50 *{\n  box-sizing:border-box;\n}\n#uc_post_horizontal_timeline_elementor_026ec50{\n  position:relative;\n}\n#uc_post_horizontal_timeline_elementor_026ec50 .ue-carousel-content{\n    display: flex;\n    flex-flow: column nowrap;\n    flex:1;\n\n}\n#uc_post_horizontal_timeline_elementor_026ec50 .ue-carousel-item\n{\n  overflow:hidden;\n  position:relative;\n  display:flex;\n\n}\n\n#uc_post_horizontal_timeline_elementor_026ec50 .ue-btn-holder\n{\n  margin-top:auto;\n}\n\n\n#uc_post_horizontal_timeline_elementor_026ec50 .ue-btn{\n  text-align:center;\n  text-decoration:none;\n  transition:0.3s;\n} \n\n\n.post-horizontal-timeline .ue-post-title{\n  font-size:21px;\n  text-decoration:none;\n}\n\n#uc_post_horizontal_timeline_elementor_026ec50 .owl-nav .owl-prev{\n    position:absolute;\n    display:inline-block;\n    text-align:center;\n}\n#uc_post_horizontal_timeline_elementor_026ec50 .owl-nav .owl-next{\n  position:absolute;\n  display:inline-block;\n  text-align:center;\n}\n\n\n#uc_post_horizontal_timeline_elementor_026ec50 .owl-dots {\noverflow:hidden;\ndisplay:true !important;\ntext-align:center;\n}\n\n#uc_post_horizontal_timeline_elementor_026ec50 .owl-dot {\nborder-radius:50%;\ndisplay:inline-block;\n}\n\n#uc_post_horizontal_timeline_elementor_026ec50 .ue-item-bullet-holder\n{\n  display:flex;\n  align-items:center;\n}\n\n#uc_post_horizontal_timeline_elementor_026ec50 .ue-item-bullet-line\n{\n  flex-grow:1;\n}\n\n#uc_post_horizontal_timeline_elementor_026ec50 .ue-item-bullet-line-spacing\n{\n  flex-grow:0;\n  flex-shrink:0;\n}\n\n#uc_post_horizontal_timeline_elementor_026ec50 .ue-item-bullet\n{\n  flex-grow:0;\n  flex-shrink:0;\n  display:flex;\n  align-items:center;\n  justify-content:center;\n  line-height:1em;\n}\n\n.ue-post-category a\n{\n  font-size:12px;\n  line-height:1.5em;\n  text-decoration:none;\n}\n\n#uc_post_horizontal_timeline_elementor_026ec50 .ue-post-image\n{\n  overflow:hidden;\n}\n\n#uc_post_horizontal_timeline_elementor_026ec50 .ue-post-image a\n{\n  display:block;\n}\n\n#uc_post_horizontal_timeline_elementor_026ec50 .ue-post-image img\n{\nobject-fit: cover;\n  width:100%;\n  transition:0.3s;\n}\n\n#uc_post_horizontal_timeline_elementor_026ec50 .ue-item-vertical-line-holder\n{\n  display:flex;\n  justify-content:center; \n}\n\n#uc_post_horizontal_timeline_elementor_026ec50 .ue-item-pointer-holder\n{\n  display:flex;\n  justify-content:center; \n}\n\n#uc_post_horizontal_timeline_elementor_026ec50 .ue-carousel-item:hover .ue-post-image img\n{\n  transform:scale(1.1,1.1);\n}\n\n#uc_post_horizontal_timeline_elementor_026ec50 .owl-stage {\n\/**  display: flex; **\/\n}\n\/**\n#uc_post_horizontal_timeline_elementor_026ec50 .owl-item {\n   display: flex;\n   flex: 1 0 auto;\n  align-items: stretch;\n}\n **\/\n\n#uc_post_horizontal_timeline_elementor_026ec50 .ue-carousel-item-holder\n{\n  display: flex;\n    flex-direction: column;\n    align-items: stretch;\n  height:100%;\n}\n\n<\/style>\n\n<div class=\"post-horizontal-timeline\" id=\"uc_post_horizontal_timeline_elementor_026ec50\" data-custom-sethtml=\"true\" >\n   <div class=\"owl-carousel owl-theme uc-items-wrapper\">\n   \t\t<div class=\"ue-carousel-item\">\n          \n      \n  \t<div class=\"ue-post-date\">16 octobre 2025<\/div>\n  \t    \n  <div class=\"ue-item-bullet-holder\">\n     <div class=\"ue-item-bullet-line\"><\/div>\n     <div class=\"ue-item-bullet-line-spacing\"><\/div>\n     <div class=\"ue-item-bullet\">\n            <i class='fas fa-calendar-alt'><\/i>                 <\/div>\n     <div class=\"ue-item-bullet-line-spacing\"><\/div>\n     <div class=\"ue-item-bullet-line\"><\/div>\n  <\/div>\n    \n  \n    <div class=\"ue-item-vertical-line-holder\">\n    <div class=\"ue-item-vertical-line\"><\/div>\n  <\/div>\n    \n    <div class=\"ue-item-pointer-holder\">\n    <div class=\"ue-item-pointer\"><\/div>\n  <\/div>\n    \n  <div class=\"ue-carousel-item-holder\">\n  <div class=\"ue-post-image\">\n    <a href=\"https:\/\/patricktalom.com\/index.php\/2025\/10\/16\/contribution\/\" target=\"_self\">\n         \n            <img decoding=\"async\" src=\"https:\/\/patricktalom.com\/wp-content\/uploads\/2025\/10\/PHOTO-DE-PROFIL-DE-PRESENTATION_resultat-221x300.webp\"  src=\"https:\/\/patricktalom.com\/wp-content\/uploads\/2025\/10\/PHOTO-DE-PROFIL-DE-PRESENTATION_resultat-221x300.webp\" alt=\"PHOTO DE PROFIL DE PRESENTATION_resultat\" width=\"221\" height=\"300\">  \n            <\/a>\n  <\/div>\n\n    <div class=\"ue-carousel-content\" >\n    <div class=\"ue-carousel-content-inside\">\n    <div class=\"ue-post-category\"><a href=\"https:\/\/patricktalom.com\/index.php\/category\/blog\/\" target=\"_self\">Blog<\/a><\/div>    <div class=\"ue-post-title\" style=\"text-decoration:none;\"><a href=\"https:\/\/patricktalom.com\/index.php\/2025\/10\/16\/contribution\/\" target=\"_self\">Contribution<\/a><\/div>    <div class=\"ue-post-intro\">CONTRIBUTION SCIENTIFIQUE 2019: en collaboration avec B. Bia, S. Desmazi\u00e8res, V. Doutriaux, A. Foulon,...<\/div>        <\/div>\n    \n    <div class=\"ue-btn-holder\"><a class=\"ue-btn \"  href=\"https:\/\/patricktalom.com\/index.php\/2025\/10\/16\/contribution\/\" target=\"_self\">Lire l'article <\/a><\/div>  <\/div>\n    \n    \n    \n  <\/div>\n<\/div>\n<div class=\"ue-carousel-item\">\n          \n      \n  \t<div class=\"ue-post-date\">16 mai 2025<\/div>\n  \t    \n  <div class=\"ue-item-bullet-holder\">\n     <div class=\"ue-item-bullet-line\"><\/div>\n     <div class=\"ue-item-bullet-line-spacing\"><\/div>\n     <div class=\"ue-item-bullet\">\n            <i class='fas fa-calendar-alt'><\/i>                 <\/div>\n     <div class=\"ue-item-bullet-line-spacing\"><\/div>\n     <div class=\"ue-item-bullet-line\"><\/div>\n  <\/div>\n    \n  \n    <div class=\"ue-item-vertical-line-holder\">\n    <div class=\"ue-item-vertical-line\"><\/div>\n  <\/div>\n    \n    <div class=\"ue-item-pointer-holder\">\n    <div class=\"ue-item-pointer\"><\/div>\n  <\/div>\n    \n  <div class=\"ue-carousel-item-holder\">\n  <div class=\"ue-post-image\">\n    <a href=\"https:\/\/patricktalom.com\/index.php\/2025\/05\/16\/986\/\" target=\"_self\">\n         \n            <img decoding=\"async\" src=\"https:\/\/patricktalom.com\/wp-content\/uploads\/2025\/04\/1745185470767-212x300.jpeg\"  src=\"https:\/\/patricktalom.com\/wp-content\/uploads\/2025\/04\/1745185470767-212x300.jpeg\" alt=\"1745185470767\" width=\"212\" height=\"300\">  \n            <\/a>\n  <\/div>\n\n    <div class=\"ue-carousel-content\" >\n    <div class=\"ue-carousel-content-inside\">\n    <div class=\"ue-post-category\"><a href=\"https:\/\/patricktalom.com\/index.php\/category\/blog\/\" target=\"_self\">Blog<\/a><\/div>    <div class=\"ue-post-title\" style=\"text-decoration:none;\"><a href=\"https:\/\/patricktalom.com\/index.php\/2025\/05\/16\/986\/\" target=\"_self\">\ud83d\udd0d Les 10 \u00e9tapes de la reconstruction apr\u00e8s un traumatisme m\u00e9dullaire<\/a><\/div>    <div class=\"ue-post-intro\">Fruit de ma recherche universitaire \ud83d\udcda\n\n\nApr\u00e8s des ann\u00e9es de r\u00e9flexion et d\u2019\u00e9tude, j\u2019ai eu l\u2019honneur de...<\/div>        <\/div>\n    \n    <div class=\"ue-btn-holder\"><a class=\"ue-btn \"  href=\"https:\/\/patricktalom.com\/index.php\/2025\/05\/16\/986\/\" target=\"_self\">Lire l'article <\/a><\/div>  <\/div>\n    \n    \n    \n  <\/div>\n<\/div>\n\n   <\/div>\t\n<\/div>\n<!-- end Post Horizontal Timeline -->\t\t\t\t<\/div>\n\t\t\t\t<\/div>\n\t\t\t\t\t<\/div>\n\t\t<\/div>\n\t\t\t\t\t<\/div>\n\t\t<\/section>\n\t\t\t\t<\/div>\n\t\t","protected":false},"excerpt":{"rendered":"<p>21 avril 2025 Blog \ud83d\udd0d Les 10 \u00e9tapes de la reconstruction apr\u00e8s un traumatisme m\u00e9dullaire Fruit de ma recherche universitaire \ud83d\udcda Apr\u00e8s des ann\u00e9es de r\u00e9flexion et d\u2019\u00e9tude, j\u2019ai eu l\u2019honneur de&#8230; Lire l&rsquo;article<\/p>\n","protected":false},"author":1,"featured_media":711,"parent":0,"menu_order":0,"comment_status":"closed","ping_status":"closed","template":"","meta":{"site-sidebar-layout":"no-sidebar","site-content-layout":"page-builder","ast-site-content-layout":"full-width-container","site-content-style":"default","site-sidebar-style":"default","ast-global-header-display":"","ast-banner-title-visibility":"","ast-main-header-display":"","ast-hfb-above-header-display":"","ast-hfb-below-header-display":"","ast-hfb-mobile-header-display":"","site-post-title":"disabled","ast-breadcrumbs-content":"","ast-featured-img":"disabled","footer-sml-layout":"","ast-disable-related-posts":"","theme-transparent-header-meta":"","adv-header-id-meta":"","stick-header-meta":"","header-above-stick-meta":"","header-main-stick-meta":"","header-below-stick-meta":"","astra-migrate-meta-layouts":"set","ast-page-background-enabled":"default","ast-page-background-meta":{"desktop":{"background-color":"var(--ast-global-color-4)","background-image":"","background-repeat":"repeat","background-position":"center center","background-size":"auto","background-attachment":"scroll","background-type":"","background-media":"","overlay-type":"","overlay-color":"","overlay-opacity":"","overlay-gradient":""},"tablet":{"background-color":"","background-image":"","background-repeat":"repeat","background-position":"center center","background-size":"auto","background-attachment":"scroll","background-type":"","background-media":"","overlay-type":"","overlay-color":"","overlay-opacity":"","overlay-gradient":""},"mobile":{"background-color":"","background-image":"","background-repeat":"repeat","background-position":"center center","background-size":"auto","background-attachment":"scroll","background-type":"","background-media":"","overlay-type":"","overlay-color":"","overlay-opacity":"","overlay-gradient":""}},"ast-content-background-meta":{"desktop":{"background-color":"var(--ast-global-color-5)","background-image":"","background-repeat":"repeat","background-position":"center center","background-size":"auto","background-attachment":"scroll","background-type":"","background-media":"","overlay-type":"","overlay-color":"","overlay-opacity":"","overlay-gradient":""},"tablet":{"background-color":"var(--ast-global-color-5)","background-image":"","background-repeat":"repeat","background-position":"center center","background-size":"auto","background-attachment":"scroll","background-type":"","background-media":"","overlay-type":"","overlay-color":"","overlay-opacity":"","overlay-gradient":""},"mobile":{"background-color":"var(--ast-global-color-5)","background-image":"","background-repeat":"repeat","background-position":"center center","background-size":"auto","background-attachment":"scroll","background-type":"","background-media":"","overlay-type":"","overlay-color":"","overlay-opacity":"","overlay-gradient":""}},"footnotes":""},"class_list":["post-430","page","type-page","status-publish","has-post-thumbnail","hentry"],"_links":{"self":[{"href":"https:\/\/patricktalom.com\/index.php\/wp-json\/wp\/v2\/pages\/430","targetHints":{"allow":["GET"]}}],"collection":[{"href":"https:\/\/patricktalom.com\/index.php\/wp-json\/wp\/v2\/pages"}],"about":[{"href":"https:\/\/patricktalom.com\/index.php\/wp-json\/wp\/v2\/types\/page"}],"author":[{"embeddable":true,"href":"https:\/\/patricktalom.com\/index.php\/wp-json\/wp\/v2\/users\/1"}],"replies":[{"embeddable":true,"href":"https:\/\/patricktalom.com\/index.php\/wp-json\/wp\/v2\/comments?post=430"}],"version-history":[{"count":14,"href":"https:\/\/patricktalom.com\/index.php\/wp-json\/wp\/v2\/pages\/430\/revisions"}],"predecessor-version":[{"id":925,"href":"https:\/\/patricktalom.com\/index.php\/wp-json\/wp\/v2\/pages\/430\/revisions\/925"}],"wp:featuredmedia":[{"embeddable":true,"href":"https:\/\/patricktalom.com\/index.php\/wp-json\/wp\/v2\/media\/711"}],"wp:attachment":[{"href":"https:\/\/patricktalom.com\/index.php\/wp-json\/wp\/v2\/media?parent=430"}],"curies":[{"name":"wp","href":"https:\/\/api.w.org\/{rel}","templated":true}]}}