{"id":873,"date":"2025-04-10T19:29:45","date_gmt":"2025-04-10T17:29:45","guid":{"rendered":"https:\/\/patricktalom.com\/?page_id=873"},"modified":"2026-03-28T16:02:44","modified_gmt":"2026-03-28T15:02:44","slug":"mon-actualites","status":"publish","type":"page","link":"https:\/\/patricktalom.com\/index.php\/mon-actualites\/","title":{"rendered":"mon actualit\u00e9s"},"content":{"rendered":"\t\t<div data-elementor-type=\"wp-page\" data-elementor-id=\"873\" class=\"elementor elementor-873\">\n\t\t\t\t\t\t<section class=\"elementor-section elementor-top-section elementor-element elementor-element-58a68bf elementor-section-boxed elementor-section-height-default elementor-section-height-default\" data-id=\"58a68bf\" data-element_type=\"section\" data-e-type=\"section\">\n\t\t\t\t\t\t<div class=\"elementor-container elementor-column-gap-default\">\n\t\t\t\t\t<div class=\"elementor-column elementor-col-50 elementor-top-column elementor-element elementor-element-aa9a31d\" data-id=\"aa9a31d\" data-element_type=\"column\" data-e-type=\"column\">\n\t\t\t<div class=\"elementor-widget-wrap elementor-element-populated\">\n\t\t\t\t\t\t<div class=\"elementor-element elementor-element-4da9b28 elementor-widget elementor-widget-heading\" data-id=\"4da9b28\" data-element_type=\"widget\" data-e-type=\"widget\" data-widget_type=\"heading.default\">\n\t\t\t\t<div class=\"elementor-widget-container\">\n\t\t\t\t\t<h2 class=\"elementor-heading-title elementor-size-default\">Actualit\u00e9s de Mars  :<\/h2>\t\t\t\t<\/div>\n\t\t\t\t<\/div>\n\t\t\t\t\t<\/div>\n\t\t<\/div>\n\t\t\t\t<div class=\"elementor-column elementor-col-50 elementor-top-column elementor-element elementor-element-a01ae6d\" data-id=\"a01ae6d\" data-element_type=\"column\" data-e-type=\"column\">\n\t\t\t<div class=\"elementor-widget-wrap elementor-element-populated\">\n\t\t\t\t\t\t<div class=\"elementor-element elementor-element-500eac5 elementor-widget elementor-widget-ucaddon_uc_video_content_slider\" data-id=\"500eac5\" data-element_type=\"widget\" data-e-type=\"widget\" data-widget_type=\"ucaddon_uc_video_content_slider.default\">\n\t\t\t\t<div class=\"elementor-widget-container\">\n\t\t\t\t\t\n<!-- start Image and Video Content Slider -->\n\t\t<link id='font-awesome-css' href='https:\/\/patricktalom.com\/wp-content\/plugins\/unlimited-elements-for-elementor-premium\/assets_libraries\/font-awesome6\/fontawesome-all.min.css' type='text\/css' rel='stylesheet' >\n\t\t<link id='font-awesome-4-shim-css' href='https:\/\/patricktalom.com\/wp-content\/plugins\/unlimited-elements-for-elementor-premium\/assets_libraries\/font-awesome6\/fontawesome-v4-shims.min.css' type='text\/css' rel='stylesheet' >\n\t\t<link id='owl-carousel-css' href='https:\/\/patricktalom.com\/wp-content\/plugins\/unlimited-elements-for-elementor-premium\/assets_libraries\/owl-carousel-new\/assets\/owl.carousel.css' type='text\/css' rel='stylesheet' >\n\t\t<link id='fancybox-css' href='https:\/\/patricktalom.com\/wp-content\/plugins\/unlimited-elements-for-elementor-premium\/assets_libraries\/fancybox3\/jquery.fancybox.min.css' type='text\/css' rel='stylesheet' >\n\n<style>\/* widget: Image and Video Content Slider *\/\n\n#uc_uc_video_content_slider_elementor_500eac5{\n  min-height:1px;\n}\n\n#uc_uc_video_content_slider_elementor_500eac5.uc_video_content_slider .uc_video_content_slider_holder{\n  \tmargin: 0 auto;\n}\n\n#uc_uc_video_content_slider_elementor_500eac5 *{\n\tbox-sizing: border-box;\n}\n\n#uc_uc_video_content_slider_elementor_500eac5 .uc_video_content_slider_holder .uc_video_content_slider_box{\n\toverflow: hidden;\n\tposition: relative;\n\tdisplay: flex;\n    flex-direction: row;\n}\n\n\n#uc_uc_video_content_slider_elementor_500eac5 .uc_video_content_slider_holder .uc_content_box{\n    flex-grow:0;\n    flex-shrink:0;\n\tposition: relative;\n\tz-index: 2;\n    display:flex;\n    justify-content:center;\n    align-items:center;\n}\n#uc_uc_video_content_slider_elementor_500eac5 .uc_video_content_slider_holder .uc_content{\n  \n}\n.uc_title{\n\tfont-size: 25px;\n}\n\n#uc_uc_video_content_slider_elementor_500eac5 .uc_video_content_slider_holder .uc_btn{\n\t\n\ttext-align: center;\n\tdisplay:inline-block;\n\ttext-decoration: none;\n\n}\n\n#uc_uc_video_content_slider_elementor_500eac5 .uc_video_content_slider_holder .uc_video_box{\n\tflex-grow:1;\n\tposition: relative;\n\tz-index: 1;\n    display:flex;\n    align-items:strech;\n}\n#uc_uc_video_content_slider_elementor_500eac5 .uc_video_content_slider_holder .uc_video_image{\n\twidth: 100%;\n\tbackground-repeat: no-repeat;\n\tbackground-position: center center;\n\tbackground-size: cover;\n}\n#uc_uc_video_content_slider_elementor_500eac5 .uc_video_content_slider_holder .uc_play_video{\n\tposition: absolute;\n\tleft: 50%;\n\ttop: 50%;\n\ttransform: translate(-50%, -50%);\n\t-webkit-transform: translate(-50%, -50%);\n\tfont-size: 87px;\n\tcolor: #fff;\n}\n#uc_uc_video_content_slider_elementor_500eac5 .uc_play_video{\n\tbackground: url(https:\/\/patricktalom.com\/wp-content\/uploads\/ac_assets\/uc_video_content_slider\/\/play-btn.png) no-repeat 0 0;\n\twidth: 87px;\n\theight: 87px;\n\tbackground-size: cover;\n}\n\n\n\n\n#uc_uc_video_content_slider_elementor_500eac5 .owl-carousel .owl-nav .owl-prev{\n    position:absolute;\n    left:-70px;\n    display:inline-block;\n    text-align:center;\n    transform: translateY(-50%);\n}\n#uc_uc_video_content_slider_elementor_500eac5 .owl-carousel .owl-nav .owl-next{\n  position:absolute;\n    right:-70px;\n  display:inline-block;\n  text-align:center;\n  transform: translateY(-50%);\n}\n\n\n\n#uc_uc_video_content_slider_elementor_500eac5 .owl-dots {\noverflow:hidden;\n display:false !important;\ntext-align:center;\n}\n\n#uc_uc_video_content_slider_elementor_500eac5 .owl-dot {\nborder-radius:50%;\ndisplay:inline-block;\n}\n\n\n\n@media screen and (max-width: 768px) {\n  #uc_uc_video_content_slider_elementor_500eac5 .uc_video_content_slider_holder .uc_video_content_slider_box{\n\tflex-direction:column;\n  }\n  \n  \n#uc_uc_video_content_slider_elementor_500eac5 .uc_video_content_slider_holder .uc_content_box{\n\twidth: 100%;\n\t\n}\n\n\n#uc_uc_video_content_slider_elementor_500eac5 .uc_video_content_slider_holder .uc_video_box{\n\twidth: 100%;\n}\n}\n\n<\/style>\n\n<div class=\"uc_video_content_slider\" id=\"uc_uc_video_content_slider_elementor_500eac5\">\n  <div class=\"uc_video_content_slider_holder owl-carousel owl-theme\">\n\t<div class=\"uc_video_content_slider_box\">\n      <div class=\"uc_content_box\">\n        <div class=\"uc_content\">\n          <div class=\"uc_title\">la premi\u00e8re journ\u00e9e des Jeudis du Rugby,<\/div>          <div class=\"uc_paragraph\"><p>J'ai particip\u00e9 \u00e0 la premi\u00e8re journ\u00e9e des Jeudis du Rugby, un \u00e9v\u00e9nement qui montre que le sport et les valeurs du rugby peuvent changer la donne pour une soci\u00e9t\u00e9 plus inclusive ! \ud83c\udfc9<br \/><br \/>Avec la pr\u00e9sence des PJJ, des CEF, <a id=\"ember659\" class=\"ember-view\" tabindex=\"0\" href=\"https:\/\/www.linkedin.com\/in\/delphine-laurent-bb662a35a\/\" target=\"_blank\" rel=\"noopener\">Delphine Laurent<\/a> des IME, des clubs de rugby et notamment <a id=\"ember660\" class=\"ember-view\" tabindex=\"0\" href=\"https:\/\/www.linkedin.com\/in\/emma-vernier-b62ab7181\/\" target=\"_blank\" rel=\"noopener\">Emma Vernier<\/a>, <a id=\"ember661\" class=\"ember-view\" tabindex=\"0\" href=\"https:\/\/www.linkedin.com\/in\/meijda-ben-sa%C3%AFd-a82146234\/\" target=\"_blank\" rel=\"noopener\">Meijda Ben Sa\u00efd<\/a> <br \/><a id=\"ember662\" class=\"ember-view\" tabindex=\"0\" href=\"https:\/\/www.linkedin.com\/in\/zohir-ouarous-3ba144296\/\" target=\"_blank\" rel=\"noopener\">Zohir Ouarous<\/a> <a id=\"ember663\" class=\"ember-view\" tabindex=\"0\" href=\"https:\/\/www.linkedin.com\/in\/cl%C3%A9mence-gon%C3%A7alves-ba062a274\/\" target=\"_blank\" rel=\"noopener\">Cl\u00e9mence Gon\u00e7alves<\/a> <br \/>nous avons parl\u00e9 de la place des femmes dans le sport aujourd'hui et surtout, nous avons encourag\u00e9 au respect ! \ud83d\ude4c<br \/><br \/>Un grand bravo aux \u00e9quipes de Daniel, Zoner et \u00e0 tous les \u00e9ducateurs pour leur travail incroyable ! <a class=\"LrtpxIkPtivkdKYqNCKPBAwSwzRoKrJSeLo \" tabindex=\"0\" href=\"https:\/\/www.linkedin.com\/company\/rugby-club-b%C3%A9thunois\/\" target=\"_self\" data-test-app-aware-link=\"\" rel=\"noopener\">Rugby Club B\u00e9thunois<\/a> @rugby club d\u2019arras<br \/><br \/>Prochaine date : 30 avril ! Rendez-vous pour une nouvelle \u00e9dition ! \ud83c\udf89<\/p><\/div>                  <\/div>\n      <\/div>\n\n      <div class=\"uc_video_box\">\n        <div class=\"uc_video_image\" style=\"background-image: url(https:\/\/patricktalom.com\/wp-content\/uploads\/2026\/03\/1774643325668.jpeg);\"><\/div>\n              <\/div>\n    <\/div>\n\n  <\/div>\n<\/div>\n<!-- end Image and Video Content Slider -->\t\t\t\t<\/div>\n\t\t\t\t<\/div>\n\t\t\t\t\t<\/div>\n\t\t<\/div>\n\t\t\t\t\t<\/div>\n\t\t<\/section>\n\t\t\t\t<\/div>\n\t\t","protected":false},"excerpt":{"rendered":"<p>Actualit\u00e9s de Mars : la premi\u00e8re journ\u00e9e des Jeudis du Rugby, J&rsquo;ai particip\u00e9 \u00e0 la premi\u00e8re journ\u00e9e des Jeudis du Rugby, un \u00e9v\u00e9nement qui montre que le sport et les valeurs du rugby peuvent changer la donne pour une soci\u00e9t\u00e9 plus inclusive ! \ud83c\udfc9 Avec la pr\u00e9sence des PJJ, des CEF, Delphine Laurent des IME, [&hellip;]<\/p>\n","protected":false},"author":1,"featured_media":624,"parent":0,"menu_order":0,"comment_status":"closed","ping_status":"closed","template":"","meta":{"site-sidebar-layout":"no-sidebar","site-content-layout":"page-builder","ast-site-content-layout":"full-width-container","site-content-style":"default","site-sidebar-style":"default","ast-global-header-display":"","ast-banner-title-visibility":"","ast-main-header-display":"","ast-hfb-above-header-display":"","ast-hfb-below-header-display":"","ast-hfb-mobile-header-display":"","site-post-title":"disabled","ast-breadcrumbs-content":"","ast-featured-img":"disabled","footer-sml-layout":"","ast-disable-related-posts":"","theme-transparent-header-meta":"","adv-header-id-meta":"","stick-header-meta":"","header-above-stick-meta":"","header-main-stick-meta":"","header-below-stick-meta":"","astra-migrate-meta-layouts":"set","ast-page-background-enabled":"default","ast-page-background-meta":{"desktop":{"background-color":"var(--ast-global-color-4)","background-image":"","background-repeat":"repeat","background-position":"center center","background-size":"auto","background-attachment":"scroll","background-type":"","background-media":"","overlay-type":"","overlay-color":"","overlay-opacity":"","overlay-gradient":""},"tablet":{"background-color":"","background-image":"","background-repeat":"repeat","background-position":"center center","background-size":"auto","background-attachment":"scroll","background-type":"","background-media":"","overlay-type":"","overlay-color":"","overlay-opacity":"","overlay-gradient":""},"mobile":{"background-color":"","background-image":"","background-repeat":"repeat","background-position":"center center","background-size":"auto","background-attachment":"scroll","background-type":"","background-media":"","overlay-type":"","overlay-color":"","overlay-opacity":"","overlay-gradient":""}},"ast-content-background-meta":{"desktop":{"background-color":"var(--ast-global-color-5)","background-image":"","background-repeat":"repeat","background-position":"center center","background-size":"auto","background-attachment":"scroll","background-type":"","background-media":"","overlay-type":"","overlay-color":"","overlay-opacity":"","overlay-gradient":""},"tablet":{"background-color":"var(--ast-global-color-5)","background-image":"","background-repeat":"repeat","background-position":"center center","background-size":"auto","background-attachment":"scroll","background-type":"","background-media":"","overlay-type":"","overlay-color":"","overlay-opacity":"","overlay-gradient":""},"mobile":{"background-color":"var(--ast-global-color-5)","background-image":"","background-repeat":"repeat","background-position":"center center","background-size":"auto","background-attachment":"scroll","background-type":"","background-media":"","overlay-type":"","overlay-color":"","overlay-opacity":"","overlay-gradient":""}},"footnotes":""},"class_list":["post-873","page","type-page","status-publish","has-post-thumbnail","hentry"],"_links":{"self":[{"href":"https:\/\/patricktalom.com\/index.php\/wp-json\/wp\/v2\/pages\/873","targetHints":{"allow":["GET"]}}],"collection":[{"href":"https:\/\/patricktalom.com\/index.php\/wp-json\/wp\/v2\/pages"}],"about":[{"href":"https:\/\/patricktalom.com\/index.php\/wp-json\/wp\/v2\/types\/page"}],"author":[{"embeddable":true,"href":"https:\/\/patricktalom.com\/index.php\/wp-json\/wp\/v2\/users\/1"}],"replies":[{"embeddable":true,"href":"https:\/\/patricktalom.com\/index.php\/wp-json\/wp\/v2\/comments?post=873"}],"version-history":[{"count":34,"href":"https:\/\/patricktalom.com\/index.php\/wp-json\/wp\/v2\/pages\/873\/revisions"}],"predecessor-version":[{"id":1139,"href":"https:\/\/patricktalom.com\/index.php\/wp-json\/wp\/v2\/pages\/873\/revisions\/1139"}],"wp:featuredmedia":[{"embeddable":true,"href":"https:\/\/patricktalom.com\/index.php\/wp-json\/wp\/v2\/media\/624"}],"wp:attachment":[{"href":"https:\/\/patricktalom.com\/index.php\/wp-json\/wp\/v2\/media?parent=873"}],"curies":[{"name":"wp","href":"https:\/\/api.w.org\/{rel}","templated":true}]}}