{"id":941,"date":"2025-05-16T21:06:39","date_gmt":"2025-05-16T19:06:39","guid":{"rendered":"https:\/\/patricktalom.com\/?page_id=941"},"modified":"2025-05-16T21:09:18","modified_gmt":"2025-05-16T19:09:18","slug":"bande-dessinee","status":"publish","type":"page","link":"https:\/\/patricktalom.com\/index.php\/bande-dessinee\/","title":{"rendered":"Bande dessin\u00e9e"},"content":{"rendered":"\t\t<div data-elementor-type=\"wp-page\" data-elementor-id=\"941\" class=\"elementor elementor-941\">\n\t\t\t\t\t\t<section class=\"elementor-section elementor-top-section elementor-element elementor-element-11021881 elementor-section-boxed elementor-section-height-default elementor-section-height-default\" data-id=\"11021881\" data-element_type=\"section\" data-e-type=\"section\">\n\t\t\t\t\t\t<div class=\"elementor-container elementor-column-gap-default\">\n\t\t\t\t\t<div class=\"elementor-column elementor-col-100 elementor-top-column elementor-element elementor-element-37c92064\" data-id=\"37c92064\" data-element_type=\"column\" data-e-type=\"column\">\n\t\t\t<div class=\"elementor-widget-wrap elementor-element-populated\">\n\t\t\t\t\t\t<div class=\"elementor-element elementor-element-317ce8d2 elementor-alert-info elementor-widget elementor-widget-alert\" data-id=\"317ce8d2\" data-element_type=\"widget\" data-e-type=\"widget\" data-widget_type=\"alert.default\">\n\t\t\t\t<div class=\"elementor-widget-container\">\n\t\t\t\t\t\t\t<div class=\"elementor-alert\" role=\"alert\">\n\n\t\t\t\t\t\t<span class=\"elementor-alert-title\">Pour les Ebook vous serez redirig\u00e9 sur handysunmonde.com<\/span>\n\t\t\t\n\t\t\t\t\t\t<span class=\"elementor-alert-description\">Pour les versions physiques, vous serez redirig\u00e9 vers les revendeurs traditionnels <\/span>\n\t\t\t\n\t\t\t\t\t\t<button type=\"button\" class=\"elementor-alert-dismiss\" aria-label=\"Ignorer cette alerte.\">\n\t\t\t\t\t\t\t\t\t<span aria-hidden=\"true\">&times;<\/span>\n\t\t\t\t\t\t\t<\/button>\n\t\t\t\n\t\t<\/div>\n\t\t\t\t\t\t<\/div>\n\t\t\t\t<\/div>\n\t\t\t\t<div class=\"elementor-element elementor-element-397a33c8 elementor-widget elementor-widget-heading\" data-id=\"397a33c8\" data-element_type=\"widget\" data-e-type=\"widget\" data-widget_type=\"heading.default\">\n\t\t\t\t<div class=\"elementor-widget-container\">\n\t\t\t\t\t<h2 class=\"elementor-heading-title elementor-size-default\">Librairie<\/h2>\t\t\t\t<\/div>\n\t\t\t\t<\/div>\n\t\t\t\t<div class=\"elementor-element elementor-element-6c6f07dd elementor-widget elementor-widget-text-editor\" data-id=\"6c6f07dd\" data-element_type=\"widget\" data-e-type=\"widget\" data-widget_type=\"text-editor.default\">\n\t\t\t\t<div class=\"elementor-widget-container\">\n\t\t\t\t\t\t\t\t\t<p><strong>Bienvenue dans notre librairie, un espace d\u00e9di\u00e9 \u00e0 la diffusion de la connaissance et \u00e0 l&rsquo;inspiration. Ici, vous trouverez une s\u00e9lection de bande dessin\u00e9e \u00a0\u00e9crits par notre fondateur, Patrick Talom.<\/strong><\/p><p><strong><!-- \/wp:paragraph --><!-- wp:paragraph --><\/strong><\/p><p><strong>Patrick est l&rsquo;auteur de plus \u00a0d&rsquo;ouvrages qui explorent divers aspects du handicap, de l&rsquo;inclusion et du d\u00e9veloppement personnel. Ses \u00e9crits sont le reflet de son parcours de vie unique et de sa passion pour la promotion d&rsquo;une soci\u00e9t\u00e9 plus inclusive.<\/strong><\/p><p><strong><!-- \/wp:paragraph --><!-- wp:paragraph --><\/strong><\/p><p><strong>Nous vous invitons \u00e0 d\u00e9couvrir ses \u0153uvres, qui sont autant de sources d&rsquo;inspiration et de r\u00e9flexion. Chaque livre est le fruit de ses exp\u00e9riences personnelles et professionnelles, et offre des perspectives pr\u00e9cieuses sur la vie, le handicap et l&rsquo;inclusion.<\/strong><\/p><p><strong><!-- \/wp:paragraph --><!-- wp:paragraph --><\/strong><\/p><p><strong>En achetant ces livres, vous soutenez non seulement le travail de Patrick, mais aussi notre mission chez Handy Sun Monde.<\/strong><\/p><p><strong><!-- \/wp:paragraph --><!-- wp:paragraph --><\/strong><\/p><p><strong>Nous vous remercions pour votre soutien et nous esp\u00e9rons que vous trouverez dans ces livres des id\u00e9es et des inspirations qui vous aideront dans votre propre parcours.<\/strong><\/p><p><!-- \/wp:paragraph --><\/p>\t\t\t\t\t\t\t\t<\/div>\n\t\t\t\t<\/div>\n\t\t\t\t<div class=\"elementor-element elementor-element-5360e289 elementor-widget elementor-widget-spacer\" data-id=\"5360e289\" data-element_type=\"widget\" data-e-type=\"widget\" data-widget_type=\"spacer.default\">\n\t\t\t\t<div class=\"elementor-widget-container\">\n\t\t\t\t\t\t\t<div class=\"elementor-spacer\">\n\t\t\t<div class=\"elementor-spacer-inner\"><\/div>\n\t\t<\/div>\n\t\t\t\t\t\t<\/div>\n\t\t\t\t<\/div>\n\t\t\t\t\t<\/div>\n\t\t<\/div>\n\t\t\t\t\t<\/div>\n\t\t<\/section>\n\t\t\t\t<section class=\"elementor-section elementor-top-section elementor-element elementor-element-4ac05898 elementor-section-boxed elementor-section-height-default elementor-section-height-default\" data-id=\"4ac05898\" data-element_type=\"section\" data-e-type=\"section\">\n\t\t\t\t\t\t<div class=\"elementor-container elementor-column-gap-default\">\n\t\t\t\t\t<div class=\"elementor-column elementor-col-100 elementor-top-column elementor-element elementor-element-7184a72\" data-id=\"7184a72\" data-element_type=\"column\" data-e-type=\"column\">\n\t\t\t<div class=\"elementor-widget-wrap elementor-element-populated\">\n\t\t\t\t\t\t<div class=\"elementor-element elementor-element-d2ebca8 elementor-widget elementor-widget-heading\" data-id=\"d2ebca8\" data-element_type=\"widget\" data-e-type=\"widget\" data-widget_type=\"heading.default\">\n\t\t\t\t<div class=\"elementor-widget-container\">\n\t\t\t\t\t<h2 class=\"elementor-heading-title elementor-size-default\">E-book<\/h2>\t\t\t\t<\/div>\n\t\t\t\t<\/div>\n\t\t\t\t\t<\/div>\n\t\t<\/div>\n\t\t\t\t\t<\/div>\n\t\t<\/section>\n\t\t\t\t<section class=\"elementor-section elementor-top-section elementor-element elementor-element-6c546743 elementor-section-boxed elementor-section-height-default elementor-section-height-default\" data-id=\"6c546743\" data-element_type=\"section\" data-e-type=\"section\">\n\t\t\t\t\t\t<div class=\"elementor-container elementor-column-gap-default\">\n\t\t\t\t\t<div class=\"elementor-column elementor-col-100 elementor-top-column elementor-element elementor-element-5d575817\" data-id=\"5d575817\" data-element_type=\"column\" data-e-type=\"column\">\n\t\t\t<div class=\"elementor-widget-wrap elementor-element-populated\">\n\t\t\t\t\t\t<div class=\"elementor-element elementor-element-395321c0 elementor-widget elementor-widget-image\" data-id=\"395321c0\" data-element_type=\"widget\" data-e-type=\"widget\" data-widget_type=\"image.default\">\n\t\t\t\t<div class=\"elementor-widget-container\">\n\t\t\t\t\t\t\t\t\t\t\t\t\t\t\t\t<a href=\"https:\/\/patricktalom.com\/index.php\/product\/ma-force-de-vivre\/\">\n\t\t\t\t\t\t\t<img fetchpriority=\"high\" decoding=\"async\" width=\"232\" height=\"300\" src=\"https:\/\/patricktalom.com\/wp-content\/uploads\/2025\/04\/71y1MShIvL._SY466_-jpg-232x300.webp\" class=\"attachment-medium size-medium wp-image-756\" alt=\"\" srcset=\"https:\/\/patricktalom.com\/wp-content\/uploads\/2025\/04\/71y1MShIvL._SY466_-jpg-232x300.webp 232w, https:\/\/patricktalom.com\/wp-content\/uploads\/2025\/04\/71y1MShIvL._SY466_-jpg.webp 360w\" sizes=\"(max-width: 232px) 100vw, 232px\" \/>\t\t\t\t\t\t\t\t<\/a>\n\t\t\t\t\t\t\t\t\t\t\t\t\t\t\t<\/div>\n\t\t\t\t<\/div>\n\t\t\t\t<div class=\"elementor-element elementor-element-75e544f elementor-widget elementor-widget-text-editor\" data-id=\"75e544f\" data-element_type=\"widget\" data-e-type=\"widget\" data-widget_type=\"text-editor.default\">\n\t\t\t\t<div class=\"elementor-widget-container\">\n\t\t\t\t\t\t\t\t\t<p>D\u00e9couvrez l&rsquo;histoire inspirante de Patrick TALOM, un v\u00e9ritable h\u00e9ros de la vie r\u00e9elle. Handicap\u00e9 suite \u00e0 un accident, il transforme son handicap en source de motivation pour les autres. \u00c0 travers ce premier volume de &lsquo;Ma force de vivre&rsquo;, plongez dans son parcours de r\u00e9silience, de la paralysie \u00e0 la reprise des \u00e9tudes. Vous suivrez son incroyable victoire avec son \u00e9quipe de rugby fauteuil et ses actions associatives dans le monde. Une bande dessin\u00e9e captivante \u00e0 partager avec tous<\/p>\t\t\t\t\t\t\t\t<\/div>\n\t\t\t\t<\/div>\n\t\t\t\t<div class=\"elementor-element elementor-element-6e77f773 elementor-widget elementor-widget-spacer\" data-id=\"6e77f773\" data-element_type=\"widget\" data-e-type=\"widget\" data-widget_type=\"spacer.default\">\n\t\t\t\t<div class=\"elementor-widget-container\">\n\t\t\t\t\t\t\t<div class=\"elementor-spacer\">\n\t\t\t<div class=\"elementor-spacer-inner\"><\/div>\n\t\t<\/div>\n\t\t\t\t\t\t<\/div>\n\t\t\t\t<\/div>\n\t\t\t\t<div class=\"elementor-element elementor-element-38a77966 elementor-button-info elementor-align-center elementor-widget elementor-widget-button\" data-id=\"38a77966\" data-element_type=\"widget\" data-e-type=\"widget\" data-widget_type=\"button.default\">\n\t\t\t\t<div class=\"elementor-widget-container\">\n\t\t\t\t\t\t\t\t\t<div class=\"elementor-button-wrapper\">\n\t\t\t\t\t<a class=\"elementor-button elementor-button-link elementor-size-sm\" href=\"https:\/\/handysunmonde.com\/index.php\/product\/ma-force-de-vivre\/\" target=\"_blank\" rel=\"noopener\">\n\t\t\t\t\t\t<span class=\"elementor-button-content-wrapper\">\n\t\t\t\t\t\t\t\t\t<span class=\"elementor-button-text\">Acheter<\/span>\n\t\t\t\t\t<\/span>\n\t\t\t\t\t<\/a>\n\t\t\t\t<\/div>\n\t\t\t\t\t\t\t\t<\/div>\n\t\t\t\t<\/div>\n\t\t\t\t\t<\/div>\n\t\t<\/div>\n\t\t\t\t\t<\/div>\n\t\t<\/section>\n\t\t\t\t<section class=\"elementor-section elementor-top-section elementor-element elementor-element-741d82f6 elementor-section-boxed elementor-section-height-default elementor-section-height-default\" data-id=\"741d82f6\" data-element_type=\"section\" data-e-type=\"section\">\n\t\t\t\t\t\t<div class=\"elementor-container elementor-column-gap-default\">\n\t\t\t\t\t<div class=\"elementor-column elementor-col-100 elementor-top-column elementor-element elementor-element-b0fe0c2\" data-id=\"b0fe0c2\" data-element_type=\"column\" data-e-type=\"column\">\n\t\t\t<div class=\"elementor-widget-wrap\">\n\t\t\t\t\t\t\t<\/div>\n\t\t<\/div>\n\t\t\t\t\t<\/div>\n\t\t<\/section>\n\t\t\t\t<section class=\"elementor-section elementor-top-section elementor-element elementor-element-51ed4053 elementor-section-boxed elementor-section-height-default elementor-section-height-default\" data-id=\"51ed4053\" data-element_type=\"section\" data-e-type=\"section\">\n\t\t\t\t\t\t<div class=\"elementor-container elementor-column-gap-default\">\n\t\t\t\t\t<div class=\"elementor-column elementor-col-100 elementor-top-column elementor-element elementor-element-5d7c80d1\" data-id=\"5d7c80d1\" data-element_type=\"column\" data-e-type=\"column\">\n\t\t\t<div class=\"elementor-widget-wrap elementor-element-populated\">\n\t\t\t\t\t\t<div class=\"elementor-element elementor-element-41beb29 elementor-widget elementor-widget-spacer\" data-id=\"41beb29\" data-element_type=\"widget\" data-e-type=\"widget\" data-widget_type=\"spacer.default\">\n\t\t\t\t<div class=\"elementor-widget-container\">\n\t\t\t\t\t\t\t<div class=\"elementor-spacer\">\n\t\t\t<div class=\"elementor-spacer-inner\"><\/div>\n\t\t<\/div>\n\t\t\t\t\t\t<\/div>\n\t\t\t\t<\/div>\n\t\t\t\t<div class=\"elementor-element elementor-element-48c5d7b6 elementor-widget elementor-widget-heading\" data-id=\"48c5d7b6\" data-element_type=\"widget\" data-e-type=\"widget\" data-widget_type=\"heading.default\">\n\t\t\t\t<div class=\"elementor-widget-container\">\n\t\t\t\t\t<h2 class=\"elementor-heading-title elementor-size-default\">Livre papier <\/h2>\t\t\t\t<\/div>\n\t\t\t\t<\/div>\n\t\t\t\t<div class=\"elementor-element elementor-element-25e4a8ce elementor-widget-divider--view-line elementor-widget elementor-widget-divider\" data-id=\"25e4a8ce\" data-element_type=\"widget\" data-e-type=\"widget\" data-widget_type=\"divider.default\">\n\t\t\t\t<div class=\"elementor-widget-container\">\n\t\t\t\t\t\t\t<div class=\"elementor-divider\">\n\t\t\t<span class=\"elementor-divider-separator\">\n\t\t\t\t\t\t<\/span>\n\t\t<\/div>\n\t\t\t\t\t\t<\/div>\n\t\t\t\t<\/div>\n\t\t\t\t\t<\/div>\n\t\t<\/div>\n\t\t\t\t\t<\/div>\n\t\t<\/section>\n\t\t\t\t<section class=\"elementor-section elementor-top-section elementor-element elementor-element-779290b1 elementor-section-boxed elementor-section-height-default elementor-section-height-default\" data-id=\"779290b1\" data-element_type=\"section\" data-e-type=\"section\">\n\t\t\t\t\t\t<div class=\"elementor-container elementor-column-gap-default\">\n\t\t\t\t\t<div class=\"elementor-column elementor-col-25 elementor-top-column elementor-element elementor-element-2d6f5063\" data-id=\"2d6f5063\" data-element_type=\"column\" data-e-type=\"column\">\n\t\t\t<div class=\"elementor-widget-wrap elementor-element-populated\">\n\t\t\t\t\t\t<div class=\"elementor-element elementor-element-7986b6f elementor-widget elementor-widget-image\" data-id=\"7986b6f\" data-element_type=\"widget\" data-e-type=\"widget\" data-widget_type=\"image.default\">\n\t\t\t\t<div class=\"elementor-widget-container\">\n\t\t\t\t\t\t\t\t\t\t\t\t\t\t\t\t<a href=\"https:\/\/www.amazon.fr\/Ma-force-vivre-Comment-handicap\u00e9\/dp\/B0CGKWHXPY\/?_encoding=UTF8&#038;pd_rd_w=ceLD8&#038;content-id=amzn1.sym.b8f182d4-be82-49d2-9854-7256c7ab0049%3Aamzn1.symc.adba8a53-36db-43df-a081-77d28e1b71e6&#038;pf_rd_p=b8f182d4-be82-49d2-9854-7256c7ab0049&#038;pf_rd_r=9F8FD5K6PC48S1WV4MDE&#038;pd_rd_wg=JoI2J&#038;pd_rd_r=1ff8b534-50a1-4b6c-9fb1-f4c92334de4c&#038;ref_=pd_gw_ci_mcx_mr_hp_atf_m\" target=\"_blank\" rel=\"noopener\">\n\t\t\t\t\t\t\t<img fetchpriority=\"high\" decoding=\"async\" width=\"232\" height=\"300\" src=\"https:\/\/patricktalom.com\/wp-content\/uploads\/2025\/04\/71y1MShIvL._SY466_-jpg-232x300.webp\" class=\"attachment-medium size-medium wp-image-756\" alt=\"\" srcset=\"https:\/\/patricktalom.com\/wp-content\/uploads\/2025\/04\/71y1MShIvL._SY466_-jpg-232x300.webp 232w, https:\/\/patricktalom.com\/wp-content\/uploads\/2025\/04\/71y1MShIvL._SY466_-jpg.webp 360w\" sizes=\"(max-width: 232px) 100vw, 232px\" \/>\t\t\t\t\t\t\t\t<\/a>\n\t\t\t\t\t\t\t\t\t\t\t\t\t\t\t<\/div>\n\t\t\t\t<\/div>\n\t\t\t\t<div class=\"elementor-element elementor-element-d813a2d elementor-widget elementor-widget-text-editor\" data-id=\"d813a2d\" data-element_type=\"widget\" data-e-type=\"widget\" data-widget_type=\"text-editor.default\">\n\t\t\t\t<div class=\"elementor-widget-container\">\n\t\t\t\t\t\t\t\t\t<p>D\u00e9couvrez l&rsquo;histoire inspirante de Patrick TALOM, un v\u00e9ritable h\u00e9ros de la vie r\u00e9elle. Handicap\u00e9 suite \u00e0 un accident, il transforme son handicap en source de motivation pour les autres. \u00c0 travers ce premier volume de &lsquo;Ma force de vivre&rsquo;, plongez dans son parcours de r\u00e9silience, de la paralysie \u00e0 la reprise des \u00e9tudes. Vous suivrez son incroyable victoire avec son \u00e9quipe de rugby fauteuil et ses actions associatives dans le monde. Une bande dessin\u00e9e captivante \u00e0 partager avec tous<\/p>\t\t\t\t\t\t\t\t<\/div>\n\t\t\t\t<\/div>\n\t\t\t\t<div class=\"elementor-element elementor-element-191768c0 elementor-button-info elementor-align-center elementor-widget elementor-widget-button\" data-id=\"191768c0\" data-element_type=\"widget\" data-e-type=\"widget\" data-widget_type=\"button.default\">\n\t\t\t\t<div class=\"elementor-widget-container\">\n\t\t\t\t\t\t\t\t\t<div class=\"elementor-button-wrapper\">\n\t\t\t\t\t<a class=\"elementor-button elementor-button-link elementor-size-sm\" href=\"https:\/\/www.amazon.fr\/Ma-force-vivre-Comment-handicap\u00e9\/dp\/B0CGKWHXPY\/?_encoding=UTF8&#038;pd_rd_w=ceLD8&#038;content-id=amzn1.sym.b8f182d4-be82-49d2-9854-7256c7ab0049%3Aamzn1.symc.adba8a53-36db-43df-a081-77d28e1b71e6&#038;pf_rd_p=b8f182d4-be82-49d2-9854-7256c7ab0049&#038;pf_rd_r=9F8FD5K6PC48S1WV4MDE&#038;pd_rd_wg=JoI2J&#038;pd_rd_r=1ff8b534-50a1-4b6c-9fb1-f4c92334de4c&#038;ref_=pd_gw_ci_mcx_mr_hp_atf_m\" target=\"_blank\" rel=\"noopener\">\n\t\t\t\t\t\t<span class=\"elementor-button-content-wrapper\">\n\t\t\t\t\t\t\t\t\t<span class=\"elementor-button-text\">Acheter<\/span>\n\t\t\t\t\t<\/span>\n\t\t\t\t\t<\/a>\n\t\t\t\t<\/div>\n\t\t\t\t\t\t\t\t<\/div>\n\t\t\t\t<\/div>\n\t\t\t\t\t<\/div>\n\t\t<\/div>\n\t\t\t\t<div class=\"elementor-column elementor-col-25 elementor-top-column elementor-element elementor-element-5baadbaf\" data-id=\"5baadbaf\" data-element_type=\"column\" data-e-type=\"column\">\n\t\t\t<div class=\"elementor-widget-wrap\">\n\t\t\t\t\t\t\t<\/div>\n\t\t<\/div>\n\t\t\t\t<div class=\"elementor-column elementor-col-25 elementor-top-column elementor-element elementor-element-1f19c4e0\" data-id=\"1f19c4e0\" data-element_type=\"column\" data-e-type=\"column\">\n\t\t\t<div class=\"elementor-widget-wrap\">\n\t\t\t\t\t\t\t<\/div>\n\t\t<\/div>\n\t\t\t\t<div class=\"elementor-column elementor-col-25 elementor-top-column elementor-element elementor-element-232d33a9\" data-id=\"232d33a9\" data-element_type=\"column\" data-e-type=\"column\">\n\t\t\t<div class=\"elementor-widget-wrap\">\n\t\t\t\t\t\t\t<\/div>\n\t\t<\/div>\n\t\t\t\t\t<\/div>\n\t\t<\/section>\n\t\t\t\t<\/div>\n\t\t","protected":false},"excerpt":{"rendered":"<p>Pour les Ebook vous serez redirig\u00e9 sur handysunmonde.com Pour les versions physiques, vous serez redirig\u00e9 vers les revendeurs traditionnels &times; Librairie Bienvenue dans notre librairie, un espace d\u00e9di\u00e9 \u00e0 la diffusion de la connaissance et \u00e0 l&rsquo;inspiration. Ici, vous trouverez une s\u00e9lection de bande dessin\u00e9e \u00a0\u00e9crits par notre fondateur, Patrick Talom. Patrick est l&rsquo;auteur de [&hellip;]<\/p>\n","protected":false},"author":1,"featured_media":797,"parent":0,"menu_order":0,"comment_status":"closed","ping_status":"closed","template":"","meta":{"site-sidebar-layout":"no-sidebar","site-content-layout":"page-builder","ast-site-content-layout":"full-width-container","site-content-style":"default","site-sidebar-style":"default","ast-global-header-display":"","ast-banner-title-visibility":"","ast-main-header-display":"","ast-hfb-above-header-display":"","ast-hfb-below-header-display":"","ast-hfb-mobile-header-display":"","site-post-title":"disabled","ast-breadcrumbs-content":"","ast-featured-img":"disabled","footer-sml-layout":"","ast-disable-related-posts":"","theme-transparent-header-meta":"","adv-header-id-meta":"","stick-header-meta":"","header-above-stick-meta":"","header-main-stick-meta":"","header-below-stick-meta":"","astra-migrate-meta-layouts":"set","ast-page-background-enabled":"default","ast-page-background-meta":{"desktop":{"background-color":"var(--ast-global-color-4)","background-image":"","background-repeat":"repeat","background-position":"center center","background-size":"auto","background-attachment":"scroll","background-type":"","background-media":"","overlay-type":"","overlay-color":"","overlay-opacity":"","overlay-gradient":""},"tablet":{"background-color":"","background-image":"","background-repeat":"repeat","background-position":"center center","background-size":"auto","background-attachment":"scroll","background-type":"","background-media":"","overlay-type":"","overlay-color":"","overlay-opacity":"","overlay-gradient":""},"mobile":{"background-color":"","background-image":"","background-repeat":"repeat","background-position":"center center","background-size":"auto","background-attachment":"scroll","background-type":"","background-media":"","overlay-type":"","overlay-color":"","overlay-opacity":"","overlay-gradient":""}},"ast-content-background-meta":{"desktop":{"background-color":"var(--ast-global-color-5)","background-image":"","background-repeat":"repeat","background-position":"center center","background-size":"auto","background-attachment":"scroll","background-type":"","background-media":"","overlay-type":"","overlay-color":"","overlay-opacity":"","overlay-gradient":""},"tablet":{"background-color":"var(--ast-global-color-5)","background-image":"","background-repeat":"repeat","background-position":"center center","background-size":"auto","background-attachment":"scroll","background-type":"","background-media":"","overlay-type":"","overlay-color":"","overlay-opacity":"","overlay-gradient":""},"mobile":{"background-color":"var(--ast-global-color-5)","background-image":"","background-repeat":"repeat","background-position":"center center","background-size":"auto","background-attachment":"scroll","background-type":"","background-media":"","overlay-type":"","overlay-color":"","overlay-opacity":"","overlay-gradient":""}},"footnotes":""},"class_list":["post-941","page","type-page","status-publish","has-post-thumbnail","hentry"],"_links":{"self":[{"href":"https:\/\/patricktalom.com\/index.php\/wp-json\/wp\/v2\/pages\/941","targetHints":{"allow":["GET"]}}],"collection":[{"href":"https:\/\/patricktalom.com\/index.php\/wp-json\/wp\/v2\/pages"}],"about":[{"href":"https:\/\/patricktalom.com\/index.php\/wp-json\/wp\/v2\/types\/page"}],"author":[{"embeddable":true,"href":"https:\/\/patricktalom.com\/index.php\/wp-json\/wp\/v2\/users\/1"}],"replies":[{"embeddable":true,"href":"https:\/\/patricktalom.com\/index.php\/wp-json\/wp\/v2\/comments?post=941"}],"version-history":[{"count":7,"href":"https:\/\/patricktalom.com\/index.php\/wp-json\/wp\/v2\/pages\/941\/revisions"}],"predecessor-version":[{"id":949,"href":"https:\/\/patricktalom.com\/index.php\/wp-json\/wp\/v2\/pages\/941\/revisions\/949"}],"wp:featuredmedia":[{"embeddable":true,"href":"https:\/\/patricktalom.com\/index.php\/wp-json\/wp\/v2\/media\/797"}],"wp:attachment":[{"href":"https:\/\/patricktalom.com\/index.php\/wp-json\/wp\/v2\/media?parent=941"}],"curies":[{"name":"wp","href":"https:\/\/api.w.org\/{rel}","templated":true}]}}