{"id":950,"date":"2025-05-16T21:10:50","date_gmt":"2025-05-16T19:10:50","guid":{"rendered":"https:\/\/patricktalom.com\/?page_id=950"},"modified":"2025-05-16T21:13:36","modified_gmt":"2025-05-16T19:13:36","slug":"universitaire","status":"publish","type":"page","link":"https:\/\/patricktalom.com\/index.php\/universitaire\/","title":{"rendered":"Universitaire"},"content":{"rendered":"\t\t<div data-elementor-type=\"wp-page\" data-elementor-id=\"950\" class=\"elementor elementor-950\">\n\t\t\t\t\t\t<section class=\"elementor-section elementor-top-section elementor-element elementor-element-5030277f elementor-section-boxed elementor-section-height-default elementor-section-height-default\" data-id=\"5030277f\" data-element_type=\"section\" data-e-type=\"section\">\n\t\t\t\t\t\t<div class=\"elementor-container elementor-column-gap-default\">\n\t\t\t\t\t<div class=\"elementor-column elementor-col-100 elementor-top-column elementor-element elementor-element-6453a754\" data-id=\"6453a754\" data-element_type=\"column\" data-e-type=\"column\">\n\t\t\t<div class=\"elementor-widget-wrap elementor-element-populated\">\n\t\t\t\t\t\t<div class=\"elementor-element elementor-element-6f799d95 elementor-alert-info elementor-widget elementor-widget-alert\" data-id=\"6f799d95\" data-element_type=\"widget\" data-e-type=\"widget\" data-widget_type=\"alert.default\">\n\t\t\t\t<div class=\"elementor-widget-container\">\n\t\t\t\t\t\t\t<div class=\"elementor-alert\" role=\"alert\">\n\n\t\t\t\t\t\t<span class=\"elementor-alert-title\">Pour les Ebook vous serez redirig\u00e9 sur handysunmonde.com<\/span>\n\t\t\t\n\t\t\t\t\t\t<span class=\"elementor-alert-description\">Pour les versions physiques, vous serez redirig\u00e9 vers les revendeurs traditionnels <\/span>\n\t\t\t\n\t\t\t\t\t\t<button type=\"button\" class=\"elementor-alert-dismiss\" aria-label=\"Ignorer cette alerte.\">\n\t\t\t\t\t\t\t\t\t<span aria-hidden=\"true\">&times;<\/span>\n\t\t\t\t\t\t\t<\/button>\n\t\t\t\n\t\t<\/div>\n\t\t\t\t\t\t<\/div>\n\t\t\t\t<\/div>\n\t\t\t\t<div class=\"elementor-element elementor-element-4b3f6716 elementor-widget elementor-widget-heading\" data-id=\"4b3f6716\" data-element_type=\"widget\" data-e-type=\"widget\" data-widget_type=\"heading.default\">\n\t\t\t\t<div class=\"elementor-widget-container\">\n\t\t\t\t\t<h2 class=\"elementor-heading-title elementor-size-default\">Librairie<\/h2>\t\t\t\t<\/div>\n\t\t\t\t<\/div>\n\t\t\t\t<div class=\"elementor-element elementor-element-455f958f elementor-widget elementor-widget-text-editor\" data-id=\"455f958f\" data-element_type=\"widget\" data-e-type=\"widget\" data-widget_type=\"text-editor.default\">\n\t\t\t\t<div class=\"elementor-widget-container\">\n\t\t\t\t\t\t\t\t\t<p><strong>Bienvenue dans notre librairie, un espace d\u00e9di\u00e9 \u00e0 la diffusion de la connaissance et \u00e0 l&rsquo;inspiration. Ici, vous trouverez une s\u00e9lection d&rsquo;ouvrages universitaires \u00e9crits par notre fondateur, Patrick Talom.<\/strong><\/p><p><strong><!-- \/wp:paragraph --><!-- wp:paragraph --><\/strong><\/p><p><strong>Patrick est l&rsquo;auteur de plus \u00a0d&rsquo;ouvrages qui explorent divers aspects du handicap, de l&rsquo;inclusion et du d\u00e9veloppement personnel. Ses \u00e9crits sont le reflet de son parcours de vie unique et de sa passion pour la promotion d&rsquo;une soci\u00e9t\u00e9 plus inclusive.<\/strong><\/p><p><strong><!-- \/wp:paragraph --><!-- wp:paragraph --><\/strong><\/p><p><strong>Nous vous invitons \u00e0 d\u00e9couvrir ses \u0153uvres, qui sont autant de sources d&rsquo;inspiration et de r\u00e9flexion. Chaque livre est le fruit de ses exp\u00e9riences personnelles et professionnelles, et offre des perspectives pr\u00e9cieuses sur la vie, le handicap et l&rsquo;inclusion.<\/strong><\/p><p><strong><!-- \/wp:paragraph --><!-- wp:paragraph --><\/strong><\/p><p><strong>En achetant ces livres, vous soutenez non seulement le travail de Patrick, mais aussi notre mission chez Handy Sun Monde.<\/strong><\/p><p><strong><!-- \/wp:paragraph --><!-- wp:paragraph --><\/strong><\/p><p><strong>Nous vous remercions pour votre soutien et nous esp\u00e9rons que vous trouverez dans ces livres des id\u00e9es et des inspirations qui vous aideront dans votre propre parcours.<\/strong><\/p><p><!-- \/wp:paragraph --><\/p>\t\t\t\t\t\t\t\t<\/div>\n\t\t\t\t<\/div>\n\t\t\t\t<div class=\"elementor-element elementor-element-735a9718 elementor-widget elementor-widget-spacer\" data-id=\"735a9718\" data-element_type=\"widget\" data-e-type=\"widget\" data-widget_type=\"spacer.default\">\n\t\t\t\t<div class=\"elementor-widget-container\">\n\t\t\t\t\t\t\t<div class=\"elementor-spacer\">\n\t\t\t<div class=\"elementor-spacer-inner\"><\/div>\n\t\t<\/div>\n\t\t\t\t\t\t<\/div>\n\t\t\t\t<\/div>\n\t\t\t\t\t<\/div>\n\t\t<\/div>\n\t\t\t\t\t<\/div>\n\t\t<\/section>\n\t\t\t\t<section class=\"elementor-section elementor-top-section elementor-element elementor-element-6b9868df elementor-section-boxed elementor-section-height-default elementor-section-height-default\" data-id=\"6b9868df\" data-element_type=\"section\" data-e-type=\"section\">\n\t\t\t\t\t\t<div class=\"elementor-container elementor-column-gap-default\">\n\t\t\t\t\t<div class=\"elementor-column elementor-col-100 elementor-top-column elementor-element elementor-element-42b5b11f\" data-id=\"42b5b11f\" data-element_type=\"column\" data-e-type=\"column\">\n\t\t\t<div class=\"elementor-widget-wrap elementor-element-populated\">\n\t\t\t\t\t\t<div class=\"elementor-element elementor-element-2ee48938 elementor-widget elementor-widget-heading\" data-id=\"2ee48938\" data-element_type=\"widget\" data-e-type=\"widget\" data-widget_type=\"heading.default\">\n\t\t\t\t<div class=\"elementor-widget-container\">\n\t\t\t\t\t<h2 class=\"elementor-heading-title elementor-size-default\">E-book<\/h2>\t\t\t\t<\/div>\n\t\t\t\t<\/div>\n\t\t\t\t\t<\/div>\n\t\t<\/div>\n\t\t\t\t\t<\/div>\n\t\t<\/section>\n\t\t\t\t<section class=\"elementor-section elementor-top-section elementor-element elementor-element-73c95750 elementor-section-boxed elementor-section-height-default elementor-section-height-default\" data-id=\"73c95750\" data-element_type=\"section\" data-e-type=\"section\">\n\t\t\t\t\t\t<div class=\"elementor-container elementor-column-gap-default\">\n\t\t\t\t\t<div class=\"elementor-column elementor-col-100 elementor-top-column elementor-element elementor-element-32e7bcaa\" data-id=\"32e7bcaa\" data-element_type=\"column\" data-e-type=\"column\">\n\t\t\t<div class=\"elementor-widget-wrap elementor-element-populated\">\n\t\t\t\t\t\t<div class=\"elementor-element elementor-element-928cf0b elementor-widget elementor-widget-image\" data-id=\"928cf0b\" data-element_type=\"widget\" data-e-type=\"widget\" data-widget_type=\"image.default\">\n\t\t\t\t<div class=\"elementor-widget-container\">\n\t\t\t\t\t\t\t\t\t\t\t\t\t\t\t\t<a href=\"https:\/\/patricktalom.com\/index.php\/product\/anne-marie-rivier\/\">\n\t\t\t\t\t\t\t<img fetchpriority=\"high\" decoding=\"async\" width=\"200\" height=\"300\" src=\"https:\/\/patricktalom.com\/wp-content\/uploads\/2025\/04\/61SyBjXBOIL._SL1500_-jpg-200x300.webp\" class=\"attachment-medium size-medium wp-image-757\" alt=\"\" srcset=\"https:\/\/patricktalom.com\/wp-content\/uploads\/2025\/04\/61SyBjXBOIL._SL1500_-jpg-200x300.webp 200w, https:\/\/patricktalom.com\/wp-content\/uploads\/2025\/04\/61SyBjXBOIL._SL1500_-jpg-683x1024.webp 683w, https:\/\/patricktalom.com\/wp-content\/uploads\/2025\/04\/61SyBjXBOIL._SL1500_-jpg-768x1152.webp 768w, https:\/\/patricktalom.com\/wp-content\/uploads\/2025\/04\/61SyBjXBOIL._SL1500_-jpg.webp 1000w\" sizes=\"(max-width: 200px) 100vw, 200px\" \/>\t\t\t\t\t\t\t\t<\/a>\n\t\t\t\t\t\t\t\t\t\t\t\t\t\t\t<\/div>\n\t\t\t\t<\/div>\n\t\t\t\t<div class=\"elementor-element elementor-element-433eed22 elementor-widget elementor-widget-text-editor\" data-id=\"433eed22\" data-element_type=\"widget\" data-e-type=\"widget\" data-widget_type=\"text-editor.default\">\n\t\t\t\t<div class=\"elementor-widget-container\">\n\t\t\t\t\t\t\t\t\t<p>Cet ouvrage offre une contribution pr\u00e9cieuse \u00e0 l&rsquo;analyse de la place des personnes en situation de handicap dans la soci\u00e9t\u00e9, en se penchant sur le r\u00f4le des religions, notamment l&rsquo;\u00c9glise Catholique. Il se distingue par le fait que l&rsquo;auteur, lui-m\u00eame en situation de handicap, apporte une perspective unique aux Disability Studies. L&rsquo;ouvrage explore la n\u00e9cessit\u00e9 d&rsquo;une participation pleine \u00e0 la vie religieuse et du besoin spirituel dans la construction d&rsquo;une soci\u00e9t\u00e9 inclusive, le tout pr\u00e9sent\u00e9 dans un langage accessible \u00e0 tous<\/p>\t\t\t\t\t\t\t\t<\/div>\n\t\t\t\t<\/div>\n\t\t\t\t<div class=\"elementor-element elementor-element-5d24501e elementor-button-info elementor-align-center elementor-widget elementor-widget-button\" data-id=\"5d24501e\" data-element_type=\"widget\" data-e-type=\"widget\" data-widget_type=\"button.default\">\n\t\t\t\t<div class=\"elementor-widget-container\">\n\t\t\t\t\t\t\t\t\t<div class=\"elementor-button-wrapper\">\n\t\t\t\t\t<a class=\"elementor-button elementor-button-link elementor-size-sm\" href=\"https:\/\/handysunmonde.com\/index.php\/product\/anne-marie-rivier\/\" target=\"_blank\" rel=\"noopener\">\n\t\t\t\t\t\t<span class=\"elementor-button-content-wrapper\">\n\t\t\t\t\t\t\t\t\t<span class=\"elementor-button-text\">Acheter<\/span>\n\t\t\t\t\t<\/span>\n\t\t\t\t\t<\/a>\n\t\t\t\t<\/div>\n\t\t\t\t\t\t\t\t<\/div>\n\t\t\t\t<\/div>\n\t\t\t\t\t<\/div>\n\t\t<\/div>\n\t\t\t\t\t<\/div>\n\t\t<\/section>\n\t\t\t\t<section class=\"elementor-section elementor-top-section elementor-element elementor-element-26921e70 elementor-section-boxed elementor-section-height-default elementor-section-height-default\" data-id=\"26921e70\" data-element_type=\"section\" data-e-type=\"section\">\n\t\t\t\t\t\t<div class=\"elementor-container elementor-column-gap-default\">\n\t\t\t\t\t<div class=\"elementor-column elementor-col-100 elementor-top-column elementor-element elementor-element-564c1b75\" data-id=\"564c1b75\" data-element_type=\"column\" data-e-type=\"column\">\n\t\t\t<div class=\"elementor-widget-wrap elementor-element-populated\">\n\t\t\t\t\t\t<div class=\"elementor-element elementor-element-ee55c10 elementor-widget elementor-widget-image\" data-id=\"ee55c10\" data-element_type=\"widget\" data-e-type=\"widget\" data-widget_type=\"image.default\">\n\t\t\t\t<div class=\"elementor-widget-container\">\n\t\t\t\t\t\t\t\t\t\t\t\t\t\t\t\t<a href=\"https:\/\/patricktalom.com\/index.php\/product\/ce-que-jai-vu-minterroge\/\">\n\t\t\t\t\t\t\t<img decoding=\"async\" width=\"200\" height=\"300\" src=\"https:\/\/patricktalom.com\/wp-content\/uploads\/2025\/04\/Capture-decran-2025-04-09-a-19.46.41_resultat-200x300.webp\" class=\"attachment-medium size-medium wp-image-784\" alt=\"\" srcset=\"https:\/\/patricktalom.com\/wp-content\/uploads\/2025\/04\/Capture-decran-2025-04-09-a-19.46.41_resultat-200x300.webp 200w, https:\/\/patricktalom.com\/wp-content\/uploads\/2025\/04\/Capture-decran-2025-04-09-a-19.46.41_resultat-682x1024.webp 682w, https:\/\/patricktalom.com\/wp-content\/uploads\/2025\/04\/Capture-decran-2025-04-09-a-19.46.41_resultat-768x1153.webp 768w, https:\/\/patricktalom.com\/wp-content\/uploads\/2025\/04\/Capture-decran-2025-04-09-a-19.46.41_resultat-1024x1536.webp 1024w, https:\/\/patricktalom.com\/wp-content\/uploads\/2025\/04\/Capture-decran-2025-04-09-a-19.46.41_resultat-1365x2048.webp 1365w, https:\/\/patricktalom.com\/wp-content\/uploads\/2025\/04\/Capture-decran-2025-04-09-a-19.46.41_resultat.webp 1394w\" sizes=\"(max-width: 200px) 100vw, 200px\" \/>\t\t\t\t\t\t\t\t<\/a>\n\t\t\t\t\t\t\t\t\t\t\t\t\t\t\t<\/div>\n\t\t\t\t<\/div>\n\t\t\t\t<div class=\"elementor-element elementor-element-1dfbd5b5 elementor-widget elementor-widget-text-editor\" data-id=\"1dfbd5b5\" data-element_type=\"widget\" data-e-type=\"widget\" data-widget_type=\"text-editor.default\">\n\t\t\t\t<div class=\"elementor-widget-container\">\n\t\t\t\t\t\t\t\t\t<p>Dans cet essai, Patrick Talom, \u00e9crivain autodidacte et conseiller au Cameroun, partage sa vision de la souffrance bas\u00e9e sur sa propre exp\u00e9rience en tant que personne handicap\u00e9e. Pr\u00e9sident d&rsquo;associations philanthropiques, il offre des cl\u00e9s pour surmonter les d\u00e9fis de la vie quotidienne, tant sur le plan social, spirituel, familial que professionnel. Son livre est une source d&rsquo;inspiration pour une attitude positive en toutes circonstances.<\/p>\t\t\t\t\t\t\t\t<\/div>\n\t\t\t\t<\/div>\n\t\t\t\t<div class=\"elementor-element elementor-element-29c8ddbf elementor-widget elementor-widget-spacer\" data-id=\"29c8ddbf\" data-element_type=\"widget\" data-e-type=\"widget\" data-widget_type=\"spacer.default\">\n\t\t\t\t<div class=\"elementor-widget-container\">\n\t\t\t\t\t\t\t<div class=\"elementor-spacer\">\n\t\t\t<div class=\"elementor-spacer-inner\"><\/div>\n\t\t<\/div>\n\t\t\t\t\t\t<\/div>\n\t\t\t\t<\/div>\n\t\t\t\t<div class=\"elementor-element elementor-element-6688a90 elementor-button-info elementor-align-center elementor-widget elementor-widget-button\" data-id=\"6688a90\" data-element_type=\"widget\" data-e-type=\"widget\" data-widget_type=\"button.default\">\n\t\t\t\t<div class=\"elementor-widget-container\">\n\t\t\t\t\t\t\t\t\t<div class=\"elementor-button-wrapper\">\n\t\t\t\t\t<a class=\"elementor-button elementor-button-link elementor-size-sm\" href=\"https:\/\/handysunmonde.com\/index.php\/product\/ce-que-jai-vu-minterroge\/\" target=\"_blank\" rel=\"noopener\">\n\t\t\t\t\t\t<span class=\"elementor-button-content-wrapper\">\n\t\t\t\t\t\t\t\t\t<span class=\"elementor-button-text\">Acheter<\/span>\n\t\t\t\t\t<\/span>\n\t\t\t\t\t<\/a>\n\t\t\t\t<\/div>\n\t\t\t\t\t\t\t\t<\/div>\n\t\t\t\t<\/div>\n\t\t\t\t\t<\/div>\n\t\t<\/div>\n\t\t\t\t\t<\/div>\n\t\t<\/section>\n\t\t\t\t<section class=\"elementor-section elementor-top-section elementor-element elementor-element-5e12e6b2 elementor-section-boxed elementor-section-height-default elementor-section-height-default\" data-id=\"5e12e6b2\" data-element_type=\"section\" data-e-type=\"section\">\n\t\t\t\t\t\t<div class=\"elementor-container elementor-column-gap-default\">\n\t\t\t\t\t<div class=\"elementor-column elementor-col-100 elementor-top-column elementor-element elementor-element-540f38\" data-id=\"540f38\" data-element_type=\"column\" data-e-type=\"column\">\n\t\t\t<div class=\"elementor-widget-wrap elementor-element-populated\">\n\t\t\t\t\t\t<div class=\"elementor-element elementor-element-2f1cd5d6 elementor-widget elementor-widget-spacer\" data-id=\"2f1cd5d6\" data-element_type=\"widget\" data-e-type=\"widget\" data-widget_type=\"spacer.default\">\n\t\t\t\t<div class=\"elementor-widget-container\">\n\t\t\t\t\t\t\t<div class=\"elementor-spacer\">\n\t\t\t<div class=\"elementor-spacer-inner\"><\/div>\n\t\t<\/div>\n\t\t\t\t\t\t<\/div>\n\t\t\t\t<\/div>\n\t\t\t\t<div class=\"elementor-element elementor-element-457cf03d elementor-widget elementor-widget-heading\" data-id=\"457cf03d\" data-element_type=\"widget\" data-e-type=\"widget\" data-widget_type=\"heading.default\">\n\t\t\t\t<div class=\"elementor-widget-container\">\n\t\t\t\t\t<h2 class=\"elementor-heading-title elementor-size-default\">Livre papier <\/h2>\t\t\t\t<\/div>\n\t\t\t\t<\/div>\n\t\t\t\t<div class=\"elementor-element elementor-element-788e1f31 elementor-widget-divider--view-line elementor-widget elementor-widget-divider\" data-id=\"788e1f31\" data-element_type=\"widget\" data-e-type=\"widget\" data-widget_type=\"divider.default\">\n\t\t\t\t<div class=\"elementor-widget-container\">\n\t\t\t\t\t\t\t<div class=\"elementor-divider\">\n\t\t\t<span class=\"elementor-divider-separator\">\n\t\t\t\t\t\t<\/span>\n\t\t<\/div>\n\t\t\t\t\t\t<\/div>\n\t\t\t\t<\/div>\n\t\t\t\t\t<\/div>\n\t\t<\/div>\n\t\t\t\t\t<\/div>\n\t\t<\/section>\n\t\t\t\t<section class=\"elementor-section elementor-top-section elementor-element elementor-element-742e5ec9 elementor-section-boxed elementor-section-height-default elementor-section-height-default\" data-id=\"742e5ec9\" data-element_type=\"section\" data-e-type=\"section\">\n\t\t\t\t\t\t<div class=\"elementor-container elementor-column-gap-default\">\n\t\t\t\t\t<div class=\"elementor-column elementor-col-100 elementor-top-column elementor-element elementor-element-1912a55a\" data-id=\"1912a55a\" data-element_type=\"column\" data-e-type=\"column\">\n\t\t\t<div class=\"elementor-widget-wrap elementor-element-populated\">\n\t\t\t\t\t\t<div class=\"elementor-element elementor-element-3e3e7e68 elementor-widget elementor-widget-image\" data-id=\"3e3e7e68\" data-element_type=\"widget\" data-e-type=\"widget\" data-widget_type=\"image.default\">\n\t\t\t\t<div class=\"elementor-widget-container\">\n\t\t\t\t\t\t\t\t\t\t\t\t\t\t\t\t<a href=\"https:\/\/www.amazon.fr\/situation-handicap-personnes-fragiles-vuln\u00e9rables\/dp\/B0CFCLW8DC\/ref=sr_1_2?qid=1695815675&#038;refinements=p_27%3APatrick+TALOM&#038;s=books&#038;sr=1-2&#038;text=Patrick+TALOM\" target=\"_blank\" rel=\"noopener\">\n\t\t\t\t\t\t\t<img fetchpriority=\"high\" decoding=\"async\" width=\"200\" height=\"300\" src=\"https:\/\/patricktalom.com\/wp-content\/uploads\/2025\/04\/61SyBjXBOIL._SL1500_-jpg-200x300.webp\" class=\"attachment-medium size-medium wp-image-757\" alt=\"\" srcset=\"https:\/\/patricktalom.com\/wp-content\/uploads\/2025\/04\/61SyBjXBOIL._SL1500_-jpg-200x300.webp 200w, https:\/\/patricktalom.com\/wp-content\/uploads\/2025\/04\/61SyBjXBOIL._SL1500_-jpg-683x1024.webp 683w, https:\/\/patricktalom.com\/wp-content\/uploads\/2025\/04\/61SyBjXBOIL._SL1500_-jpg-768x1152.webp 768w, https:\/\/patricktalom.com\/wp-content\/uploads\/2025\/04\/61SyBjXBOIL._SL1500_-jpg.webp 1000w\" sizes=\"(max-width: 200px) 100vw, 200px\" \/>\t\t\t\t\t\t\t\t<\/a>\n\t\t\t\t\t\t\t\t\t\t\t\t\t\t\t<\/div>\n\t\t\t\t<\/div>\n\t\t\t\t<div class=\"elementor-element elementor-element-15929ce9 elementor-widget elementor-widget-text-editor\" data-id=\"15929ce9\" data-element_type=\"widget\" data-e-type=\"widget\" data-widget_type=\"text-editor.default\">\n\t\t\t\t<div class=\"elementor-widget-container\">\n\t\t\t\t\t\t\t\t\t<p>Cet ouvrage offre une contribution pr\u00e9cieuse \u00e0 l&rsquo;analyse de la place des personnes en situation de handicap dans la soci\u00e9t\u00e9, en se penchant sur le r\u00f4le des religions, notamment l&rsquo;\u00c9glise Catholique. Il se distingue par le fait que l&rsquo;auteur, lui-m\u00eame en situation de handicap, apporte une perspective unique aux Disability Studies. L&rsquo;ouvrage explore la n\u00e9cessit\u00e9 d&rsquo;une participation pleine \u00e0 la vie religieuse et du besoin spirituel dans la construction d&rsquo;une soci\u00e9t\u00e9 inclusive, le tout pr\u00e9sent\u00e9 dans un langage accessible \u00e0 tous<\/p>\t\t\t\t\t\t\t\t<\/div>\n\t\t\t\t<\/div>\n\t\t\t\t<div class=\"elementor-element elementor-element-6bb53105 elementor-button-info elementor-align-center elementor-widget elementor-widget-button\" data-id=\"6bb53105\" data-element_type=\"widget\" data-e-type=\"widget\" data-widget_type=\"button.default\">\n\t\t\t\t<div class=\"elementor-widget-container\">\n\t\t\t\t\t\t\t\t\t<div class=\"elementor-button-wrapper\">\n\t\t\t\t\t<a class=\"elementor-button elementor-button-link elementor-size-sm\" href=\"https:\/\/www.amazon.fr\/situation-handicap-personnes-fragiles-vuln\u00e9rables\/dp\/B0CFCLW8DC\/ref=sr_1_2?qid=1695815675&#038;refinements=p_27%3APatrick+TALOM&#038;s=books&#038;sr=1-2&#038;text=Patrick+TALOM\" target=\"_blank\" rel=\"noopener\">\n\t\t\t\t\t\t<span class=\"elementor-button-content-wrapper\">\n\t\t\t\t\t\t\t\t\t<span class=\"elementor-button-text\">Acheter<\/span>\n\t\t\t\t\t<\/span>\n\t\t\t\t\t<\/a>\n\t\t\t\t<\/div>\n\t\t\t\t\t\t\t\t<\/div>\n\t\t\t\t<\/div>\n\t\t\t\t\t<\/div>\n\t\t<\/div>\n\t\t\t\t\t<\/div>\n\t\t<\/section>\n\t\t\t\t<\/div>\n\t\t","protected":false},"excerpt":{"rendered":"<p>Pour les Ebook vous serez redirig\u00e9 sur handysunmonde.com Pour les versions physiques, vous serez redirig\u00e9 vers les revendeurs traditionnels &times; Librairie Bienvenue dans notre librairie, un espace d\u00e9di\u00e9 \u00e0 la diffusion de la connaissance et \u00e0 l&rsquo;inspiration. Ici, vous trouverez une s\u00e9lection d&rsquo;ouvrages universitaires \u00e9crits par notre fondateur, Patrick Talom. Patrick est l&rsquo;auteur de plus [&hellip;]<\/p>\n","protected":false},"author":1,"featured_media":797,"parent":0,"menu_order":0,"comment_status":"closed","ping_status":"closed","template":"","meta":{"site-sidebar-layout":"no-sidebar","site-content-layout":"page-builder","ast-site-content-layout":"full-width-container","site-content-style":"default","site-sidebar-style":"default","ast-global-header-display":"","ast-banner-title-visibility":"","ast-main-header-display":"","ast-hfb-above-header-display":"","ast-hfb-below-header-display":"","ast-hfb-mobile-header-display":"","site-post-title":"disabled","ast-breadcrumbs-content":"","ast-featured-img":"disabled","footer-sml-layout":"","ast-disable-related-posts":"","theme-transparent-header-meta":"","adv-header-id-meta":"","stick-header-meta":"","header-above-stick-meta":"","header-main-stick-meta":"","header-below-stick-meta":"","astra-migrate-meta-layouts":"set","ast-page-background-enabled":"default","ast-page-background-meta":{"desktop":{"background-color":"var(--ast-global-color-4)","background-image":"","background-repeat":"repeat","background-position":"center center","background-size":"auto","background-attachment":"scroll","background-type":"","background-media":"","overlay-type":"","overlay-color":"","overlay-opacity":"","overlay-gradient":""},"tablet":{"background-color":"","background-image":"","background-repeat":"repeat","background-position":"center center","background-size":"auto","background-attachment":"scroll","background-type":"","background-media":"","overlay-type":"","overlay-color":"","overlay-opacity":"","overlay-gradient":""},"mobile":{"background-color":"","background-image":"","background-repeat":"repeat","background-position":"center center","background-size":"auto","background-attachment":"scroll","background-type":"","background-media":"","overlay-type":"","overlay-color":"","overlay-opacity":"","overlay-gradient":""}},"ast-content-background-meta":{"desktop":{"background-color":"var(--ast-global-color-5)","background-image":"","background-repeat":"repeat","background-position":"center center","background-size":"auto","background-attachment":"scroll","background-type":"","background-media":"","overlay-type":"","overlay-color":"","overlay-opacity":"","overlay-gradient":""},"tablet":{"background-color":"var(--ast-global-color-5)","background-image":"","background-repeat":"repeat","background-position":"center center","background-size":"auto","background-attachment":"scroll","background-type":"","background-media":"","overlay-type":"","overlay-color":"","overlay-opacity":"","overlay-gradient":""},"mobile":{"background-color":"var(--ast-global-color-5)","background-image":"","background-repeat":"repeat","background-position":"center center","background-size":"auto","background-attachment":"scroll","background-type":"","background-media":"","overlay-type":"","overlay-color":"","overlay-opacity":"","overlay-gradient":""}},"footnotes":""},"class_list":["post-950","page","type-page","status-publish","has-post-thumbnail","hentry"],"_links":{"self":[{"href":"https:\/\/patricktalom.com\/index.php\/wp-json\/wp\/v2\/pages\/950","targetHints":{"allow":["GET"]}}],"collection":[{"href":"https:\/\/patricktalom.com\/index.php\/wp-json\/wp\/v2\/pages"}],"about":[{"href":"https:\/\/patricktalom.com\/index.php\/wp-json\/wp\/v2\/types\/page"}],"author":[{"embeddable":true,"href":"https:\/\/patricktalom.com\/index.php\/wp-json\/wp\/v2\/users\/1"}],"replies":[{"embeddable":true,"href":"https:\/\/patricktalom.com\/index.php\/wp-json\/wp\/v2\/comments?post=950"}],"version-history":[{"count":4,"href":"https:\/\/patricktalom.com\/index.php\/wp-json\/wp\/v2\/pages\/950\/revisions"}],"predecessor-version":[{"id":955,"href":"https:\/\/patricktalom.com\/index.php\/wp-json\/wp\/v2\/pages\/950\/revisions\/955"}],"wp:featuredmedia":[{"embeddable":true,"href":"https:\/\/patricktalom.com\/index.php\/wp-json\/wp\/v2\/media\/797"}],"wp:attachment":[{"href":"https:\/\/patricktalom.com\/index.php\/wp-json\/wp\/v2\/media?parent=950"}],"curies":[{"name":"wp","href":"https:\/\/api.w.org\/{rel}","templated":true}]}}