{"id":961,"date":"2025-05-16T21:29:01","date_gmt":"2025-05-16T19:29:01","guid":{"rendered":"https:\/\/patricktalom.com\/?page_id=961"},"modified":"2025-10-16T14:17:13","modified_gmt":"2025-10-16T12:17:13","slug":"sports","status":"publish","type":"page","link":"https:\/\/patricktalom.com\/index.php\/sports\/","title":{"rendered":"Sports"},"content":{"rendered":"\t\t<div data-elementor-type=\"wp-page\" data-elementor-id=\"961\" class=\"elementor elementor-961\">\n\t\t\t\t\t\t<section class=\"elementor-section elementor-top-section elementor-element elementor-element-caef19e elementor-section-boxed elementor-section-height-default elementor-section-height-default\" data-id=\"caef19e\" data-element_type=\"section\" data-e-type=\"section\">\n\t\t\t\t\t\t<div class=\"elementor-container elementor-column-gap-default\">\n\t\t\t\t\t<div class=\"elementor-column elementor-col-100 elementor-top-column elementor-element elementor-element-6dc2b9d\" data-id=\"6dc2b9d\" data-element_type=\"column\" data-e-type=\"column\">\n\t\t\t<div class=\"elementor-widget-wrap elementor-element-populated\">\n\t\t\t\t\t\t<div class=\"elementor-element elementor-element-c57907f elementor-alert-info elementor-widget elementor-widget-alert\" data-id=\"c57907f\" data-element_type=\"widget\" data-e-type=\"widget\" data-widget_type=\"alert.default\">\n\t\t\t\t<div class=\"elementor-widget-container\">\n\t\t\t\t\t\t\t<div class=\"elementor-alert\" role=\"alert\">\n\n\t\t\t\t\t\t<span class=\"elementor-alert-title\">Pr\u00e9ambule<\/span>\n\t\t\t\n\t\t\t\t\t\t<span class=\"elementor-alert-description\">J'ai pratiqu\u00e9 le rugby fauteuil pendant quatre ans jusqu'en 2025, remportant le Championnat de France N3 avec le club de Lille en 2023, une victoire qui incarne la coh\u00e9sion, la fraternit\u00e9 et le d\u00e9passement collectif des limites. Parall\u00e8lement, je pratique le d\u00e9velopp\u00e9 couch\u00e9 au club FAHVA de Villeneuve-d'Ascq, o\u00f9 j'ai soulev\u00e9 96 kg en comp\u00e9tition (cat\u00e9gorie +45 ans, -80 kg), une performance qui symbolise ma discipline mentale et ma r\u00e9silience physique. Ces deux disciplines sportives sont pour moi bien plus qu'une activit\u00e9 physique : elles repr\u00e9sentent des espaces de transformation humaine o\u00f9 le handicap devient une force. Sur le terrain comme en salle, j'ai tiss\u00e9 des liens profonds avec des personnes inspirantes qui partagent les valeurs de solidarit\u00e9, respect et d\u00e9passement de soi. \u00c0 travers le sport adapt\u00e9, je porte un message d'inclusion et de transcendance : le corps, m\u00eame fragilis\u00e9, peut devenir un lieu de puissance et de lumi\u00e8re.\n\n<\/span>\n\t\t\t\n\t\t\t\t\t\t<button type=\"button\" class=\"elementor-alert-dismiss\" aria-label=\"Ignorer cette alerte.\">\n\t\t\t\t\t\t\t\t\t<span aria-hidden=\"true\">&times;<\/span>\n\t\t\t\t\t\t\t<\/button>\n\t\t\t\n\t\t<\/div>\n\t\t\t\t\t\t<\/div>\n\t\t\t\t<\/div>\n\t\t\t\t\t<\/div>\n\t\t<\/div>\n\t\t\t\t\t<\/div>\n\t\t<\/section>\n\t\t\t\t<section class=\"elementor-section elementor-top-section elementor-element elementor-element-8d43b78 elementor-section-boxed elementor-section-height-default elementor-section-height-default\" data-id=\"8d43b78\" data-element_type=\"section\" data-e-type=\"section\">\n\t\t\t\t\t\t<div class=\"elementor-container elementor-column-gap-default\">\n\t\t\t\t\t<div class=\"elementor-column elementor-col-50 elementor-top-column elementor-element elementor-element-4f6e6e5\" data-id=\"4f6e6e5\" data-element_type=\"column\" data-e-type=\"column\">\n\t\t\t<div class=\"elementor-widget-wrap elementor-element-populated\">\n\t\t\t\t\t\t<div class=\"elementor-element elementor-element-0358fdb elementor-widget elementor-widget-ucaddon_subtle_overlay_content_box\" data-id=\"0358fdb\" data-element_type=\"widget\" data-e-type=\"widget\" data-widget_type=\"ucaddon_subtle_overlay_content_box.default\">\n\t\t\t\t<div class=\"elementor-widget-container\">\n\t\t\t\t\t\n<!-- start Content Box Overlay -->\n<style>\/* widget: Content Box Overlay *\/\n\n#uc_subtle_overlay_content_box_elementor_0358fdb\n{\n  position:relative;\n  background-color:#000000;\n  display:block;\n  overflow:hidden;\n}\n\n#uc_subtle_overlay_content_box_elementor_0358fdb img\n{\n  width:100%;\n  display:block;\n  transition:1s;\n}\n\n#uc_subtle_overlay_content_box_elementor_0358fdb .blox_centered_text\n{\n  position:absolute;\n  top:50%;\n  transform:translatey(-50%);\n  text-align:center;\n  color:white;\n  width:100%;\n}\n\n.blox_classic_title\n{\n  font-size: 36px;\n}\n\n.blox_classic_subtitle\n{\n  font-size:20px;\n}\n\n#uc_subtle_overlay_content_box_elementor_0358fdb span.classic_line\n{\n display:inline-block;\n  width:40px;\n  height:2px;\n  background-color:white;\n  transition:1s;\n}\n\n#uc_subtle_overlay_content_box_elementor_0358fdb:hover img\n{\n  opacity:0.6;\n}\n\n#uc_subtle_overlay_content_box_elementor_0358fdb:hover span.classic_line\n{\n  width:100px;\n}\n\n\n#uc_subtle_overlay_content_box_elementor_0358fdb .blox_centered_text\n{\n  transition:0.3s;\n}\n\n<\/style>\n\n<a class=\"ue-box\" id=\"uc_subtle_overlay_content_box_elementor_0358fdb\" href=\"https:\/\/patricktalom.com\/index.php\/rugby-fauteuil\/\" >\n    <img decoding=\"async\" src=\"https:\/\/patricktalom.com\/wp-content\/uploads\/2025\/02\/1739049723758.jpeg\" alt=\"1739049723758\">\n    <div class=\"blox_centered_text\">\n               <div class=\"blox_classic_title ue-title\">Rugby fauteuil <\/div>\n               <span class=\"classic_line\"><\/span>               <div class=\"blox_classic_subtitle ue-sub\"><\/div>    <\/div>\n<\/a>\n<!-- end Content Box Overlay -->\t\t\t\t<\/div>\n\t\t\t\t<\/div>\n\t\t\t\t\t<\/div>\n\t\t<\/div>\n\t\t\t\t<div class=\"elementor-column elementor-col-50 elementor-top-column elementor-element elementor-element-d924954\" data-id=\"d924954\" data-element_type=\"column\" data-e-type=\"column\">\n\t\t\t<div class=\"elementor-widget-wrap elementor-element-populated\">\n\t\t\t\t\t\t<div class=\"elementor-element elementor-element-e42896e elementor-widget elementor-widget-ucaddon_subtle_overlay_content_box\" data-id=\"e42896e\" data-element_type=\"widget\" data-e-type=\"widget\" data-widget_type=\"ucaddon_subtle_overlay_content_box.default\">\n\t\t\t\t<div class=\"elementor-widget-container\">\n\t\t\t\t\t\n<!-- start Content Box Overlay -->\n<style>\/* widget: Content Box Overlay *\/\n\n#uc_subtle_overlay_content_box_elementor_e42896e\n{\n  position:relative;\n  background-color:#000000;\n  display:block;\n  overflow:hidden;\n}\n\n#uc_subtle_overlay_content_box_elementor_e42896e img\n{\n  width:100%;\n  display:block;\n  transition:1s;\n}\n\n#uc_subtle_overlay_content_box_elementor_e42896e .blox_centered_text\n{\n  position:absolute;\n  top:50%;\n  transform:translatey(-50%);\n  text-align:center;\n  color:white;\n  width:100%;\n}\n\n.blox_classic_title\n{\n  font-size: 36px;\n}\n\n.blox_classic_subtitle\n{\n  font-size:20px;\n}\n\n#uc_subtle_overlay_content_box_elementor_e42896e span.classic_line\n{\n display:inline-block;\n  width:40px;\n  height:2px;\n  background-color:white;\n  transition:1s;\n}\n\n#uc_subtle_overlay_content_box_elementor_e42896e:hover img\n{\n  opacity:0.6;\n}\n\n#uc_subtle_overlay_content_box_elementor_e42896e:hover span.classic_line\n{\n  width:100px;\n}\n\n\n#uc_subtle_overlay_content_box_elementor_e42896e .blox_centered_text\n{\n  transition:0.3s;\n}\n\n<\/style>\n\n<a class=\"ue-box\" id=\"uc_subtle_overlay_content_box_elementor_e42896e\" href=\"https:\/\/patricktalom.com\/index.php\/halterophilie\/\" >\n    <img decoding=\"async\" src=\"https:\/\/patricktalom.com\/wp-content\/uploads\/2025\/05\/16-mai-2025-a-22_01_14_resultat.webp\" alt=\"16 mai 2025 \u00e0 22_01_14_resultat\">\n    <div class=\"blox_centered_text\">\n               <div class=\"blox_classic_title ue-title\">Halt\u00e9rophilie <\/div>\n               <span class=\"classic_line\"><\/span>               <div class=\"blox_classic_subtitle ue-sub\"><\/div>    <\/div>\n<\/a>\n<!-- end Content Box Overlay -->\t\t\t\t<\/div>\n\t\t\t\t<\/div>\n\t\t\t\t\t<\/div>\n\t\t<\/div>\n\t\t\t\t\t<\/div>\n\t\t<\/section>\n\t\t\t\t<\/div>\n\t\t","protected":false},"excerpt":{"rendered":"<p>Pr\u00e9ambule J&rsquo;ai pratiqu\u00e9 le rugby fauteuil pendant quatre ans jusqu&rsquo;en 2025, remportant le Championnat de France N3 avec le club de Lille en 2023, une victoire qui incarne la coh\u00e9sion, la fraternit\u00e9 et le d\u00e9passement collectif des limites. Parall\u00e8lement, je pratique le d\u00e9velopp\u00e9 couch\u00e9 au club FAHVA de Villeneuve-d&rsquo;Ascq, o\u00f9 j&rsquo;ai soulev\u00e9 96 kg en [&hellip;]<\/p>\n","protected":false},"author":1,"featured_media":797,"parent":0,"menu_order":0,"comment_status":"closed","ping_status":"closed","template":"","meta":{"site-sidebar-layout":"no-sidebar","site-content-layout":"page-builder","ast-site-content-layout":"full-width-container","site-content-style":"default","site-sidebar-style":"default","ast-global-header-display":"","ast-banner-title-visibility":"","ast-main-header-display":"","ast-hfb-above-header-display":"","ast-hfb-below-header-display":"","ast-hfb-mobile-header-display":"","site-post-title":"disabled","ast-breadcrumbs-content":"","ast-featured-img":"disabled","footer-sml-layout":"","ast-disable-related-posts":"","theme-transparent-header-meta":"","adv-header-id-meta":"","stick-header-meta":"","header-above-stick-meta":"","header-main-stick-meta":"","header-below-stick-meta":"","astra-migrate-meta-layouts":"set","ast-page-background-enabled":"default","ast-page-background-meta":{"desktop":{"background-color":"var(--ast-global-color-4)","background-image":"","background-repeat":"repeat","background-position":"center center","background-size":"auto","background-attachment":"scroll","background-type":"","background-media":"","overlay-type":"","overlay-color":"","overlay-opacity":"","overlay-gradient":""},"tablet":{"background-color":"","background-image":"","background-repeat":"repeat","background-position":"center center","background-size":"auto","background-attachment":"scroll","background-type":"","background-media":"","overlay-type":"","overlay-color":"","overlay-opacity":"","overlay-gradient":""},"mobile":{"background-color":"","background-image":"","background-repeat":"repeat","background-position":"center center","background-size":"auto","background-attachment":"scroll","background-type":"","background-media":"","overlay-type":"","overlay-color":"","overlay-opacity":"","overlay-gradient":""}},"ast-content-background-meta":{"desktop":{"background-color":"var(--ast-global-color-5)","background-image":"","background-repeat":"repeat","background-position":"center center","background-size":"auto","background-attachment":"scroll","background-type":"","background-media":"","overlay-type":"","overlay-color":"","overlay-opacity":"","overlay-gradient":""},"tablet":{"background-color":"var(--ast-global-color-5)","background-image":"","background-repeat":"repeat","background-position":"center center","background-size":"auto","background-attachment":"scroll","background-type":"","background-media":"","overlay-type":"","overlay-color":"","overlay-opacity":"","overlay-gradient":""},"mobile":{"background-color":"var(--ast-global-color-5)","background-image":"","background-repeat":"repeat","background-position":"center center","background-size":"auto","background-attachment":"scroll","background-type":"","background-media":"","overlay-type":"","overlay-color":"","overlay-opacity":"","overlay-gradient":""}},"footnotes":""},"class_list":["post-961","page","type-page","status-publish","has-post-thumbnail","hentry"],"_links":{"self":[{"href":"https:\/\/patricktalom.com\/index.php\/wp-json\/wp\/v2\/pages\/961","targetHints":{"allow":["GET"]}}],"collection":[{"href":"https:\/\/patricktalom.com\/index.php\/wp-json\/wp\/v2\/pages"}],"about":[{"href":"https:\/\/patricktalom.com\/index.php\/wp-json\/wp\/v2\/types\/page"}],"author":[{"embeddable":true,"href":"https:\/\/patricktalom.com\/index.php\/wp-json\/wp\/v2\/users\/1"}],"replies":[{"embeddable":true,"href":"https:\/\/patricktalom.com\/index.php\/wp-json\/wp\/v2\/comments?post=961"}],"version-history":[{"count":10,"href":"https:\/\/patricktalom.com\/index.php\/wp-json\/wp\/v2\/pages\/961\/revisions"}],"predecessor-version":[{"id":1041,"href":"https:\/\/patricktalom.com\/index.php\/wp-json\/wp\/v2\/pages\/961\/revisions\/1041"}],"wp:featuredmedia":[{"embeddable":true,"href":"https:\/\/patricktalom.com\/index.php\/wp-json\/wp\/v2\/media\/797"}],"wp:attachment":[{"href":"https:\/\/patricktalom.com\/index.php\/wp-json\/wp\/v2\/media?parent=961"}],"curies":[{"name":"wp","href":"https:\/\/api.w.org\/{rel}","templated":true}]}}